{"id":20349,"date":"2024-12-06T21:53:15","date_gmt":"2024-12-06T20:53:15","guid":{"rendered":"https:\/\/stampcurio.com\/product\/sc-24-3227\/"},"modified":"2025-12-05T04:05:12","modified_gmt":"2025-12-05T03:05:12","slug":"1888-magyarorszag-hirlapilletek-belyeg-postatiszta-1kr-par-szep-gepszinatnyomattal-mbk-240-pont","status":"publish","type":"product","link":"https:\/\/stampcurio.com\/hu\/termek\/1888-magyarorszag-hirlapilletek-belyeg-postatiszta-1kr-par-szep-gepszinatnyomattal-mbk-240-pont\/","title":{"rendered":"1888 Magyarorsz\u00e1g &#8211; h\u00edrlapillet\u00e9k b\u00e9lyeg postatiszta ** 1kr p\u00e1r sz\u00e9p g\u00e9psz\u00edn\u00e1tnyomattal MBK 240 pont"},"content":{"rendered":"","protected":false},"excerpt":{"rendered":"","protected":false},"featured_media":20347,"template":"","meta":[],"product_brand":[],"product_cat":[1172],"product_tag":[1664,1296,282,217,1006],"class_list":{"0":"post-20349","1":"product","2":"type-product","3":"status-publish","4":"has-post-thumbnail","6":"product_cat-magyarorszag","7":"product_tag-2nd-auction-hu","8":"product_tag-hirlapbelyeg","9":"product_tag-okmanybelyeg","10":"product_tag-tevnyomat","11":"product_tag-unsold","13":"first","14":"outofstock","15":"sold-individually","16":"shipping-taxable","17":"product-type-simple"},"_links":{"self":[{"href":"https:\/\/stampcurio.com\/hu\/wp-json\/wp\/v2\/product\/20349","targetHints":{"allow":["GET"]}}],"collection":[{"href":"https:\/\/stampcurio.com\/hu\/wp-json\/wp\/v2\/product"}],"about":[{"href":"https:\/\/stampcurio.com\/hu\/wp-json\/wp\/v2\/types\/product"}],"wp:featuredmedia":[{"embeddable":true,"href":"https:\/\/stampcurio.com\/hu\/wp-json\/wp\/v2\/media\/20347"}],"wp:attachment":[{"href":"https:\/\/stampcurio.com\/hu\/wp-json\/wp\/v2\/media?parent=20349"}],"wp:term":[{"taxonomy":"product_brand","embeddable":true,"href":"https:\/\/stampcurio.com\/hu\/wp-json\/wp\/v2\/product_brand?post=20349"},{"taxonomy":"product_cat","embeddable":true,"href":"https:\/\/stampcurio.com\/hu\/wp-json\/wp\/v2\/product_cat?post=20349"},{"taxonomy":"product_tag","embeddable":true,"href":"https:\/\/stampcurio.com\/hu\/wp-json\/wp\/v2\/product_tag?post=20349"}],"curies":[{"name":"wp","href":"https:\/\/api.w.org\/{rel}","templated":true}]}}