{"id":20331,"date":"2024-12-06T21:52:12","date_gmt":"2024-12-06T20:52:12","guid":{"rendered":"https:\/\/stampcurio.com\/product\/sc-24-3221\/"},"modified":"2025-12-05T04:05:12","modified_gmt":"2025-12-05T03:05:12","slug":"1881-magyarorszag-krajcaros-kiadas-ritka-es-szep-radafalva-belyegzessel-burgenland-gudlin-katalogusa-nem-ismeri","status":"publish","type":"product","link":"https:\/\/stampcurio.com\/hu\/termek\/1881-magyarorszag-krajcaros-kiadas-ritka-es-szep-radafalva-belyegzessel-burgenland-gudlin-katalogusa-nem-ismeri\/","title":{"rendered":"1881 Magyarorsz\u00e1g &#8211; krajc\u00e1ros kiad\u00e1s ritka \u00e9s sz\u00e9p RADAFALVA b\u00e9lyegz\u00e9ssel &#8211; Burgenland \/ Gudlin katal\u00f3gusa nem ismeri"},"content":{"rendered":"","protected":false},"excerpt":{"rendered":"","protected":false},"featured_media":20329,"template":"","meta":[],"product_brand":[],"product_cat":[1178,1172],"product_tag":[1664,116,1041],"class_list":{"0":"post-20331","1":"product","2":"type-product","3":"status-publish","4":"has-post-thumbnail","6":"product_cat-ausztria","7":"product_cat-magyarorszag","8":"product_tag-2nd-auction-hu","9":"product_tag-belyeg","10":"product_tag-marcophily-hu","12":"first","13":"outofstock","14":"sold-individually","15":"shipping-taxable","16":"product-type-simple"},"_links":{"self":[{"href":"https:\/\/stampcurio.com\/hu\/wp-json\/wp\/v2\/product\/20331","targetHints":{"allow":["GET"]}}],"collection":[{"href":"https:\/\/stampcurio.com\/hu\/wp-json\/wp\/v2\/product"}],"about":[{"href":"https:\/\/stampcurio.com\/hu\/wp-json\/wp\/v2\/types\/product"}],"wp:featuredmedia":[{"embeddable":true,"href":"https:\/\/stampcurio.com\/hu\/wp-json\/wp\/v2\/media\/20329"}],"wp:attachment":[{"href":"https:\/\/stampcurio.com\/hu\/wp-json\/wp\/v2\/media?parent=20331"}],"wp:term":[{"taxonomy":"product_brand","embeddable":true,"href":"https:\/\/stampcurio.com\/hu\/wp-json\/wp\/v2\/product_brand?post=20331"},{"taxonomy":"product_cat","embeddable":true,"href":"https:\/\/stampcurio.com\/hu\/wp-json\/wp\/v2\/product_cat?post=20331"},{"taxonomy":"product_tag","embeddable":true,"href":"https:\/\/stampcurio.com\/hu\/wp-json\/wp\/v2\/product_tag?post=20331"}],"curies":[{"name":"wp","href":"https:\/\/api.w.org\/{rel}","templated":true}]}}