{"id":20314,"date":"2024-12-06T21:51:15","date_gmt":"2024-12-06T20:51:15","guid":{"rendered":"https:\/\/stampcurio.com\/product\/sc-24-3216\/"},"modified":"2025-12-05T04:05:13","modified_gmt":"2025-12-05T03:05:13","slug":"1881-nepal-korai-pecsetelt-belyegek","status":"publish","type":"product","link":"https:\/\/stampcurio.com\/hu\/termek\/1881-nepal-korai-pecsetelt-belyegek\/","title":{"rendered":"1881 Nep\u00e1l korai pecs\u00e9telt b\u00e9lyegek"},"content":{"rendered":"","protected":false},"excerpt":{"rendered":"","protected":false},"featured_media":20312,"template":"","meta":[],"product_brand":[],"product_cat":[1205],"product_tag":[1664,116],"class_list":{"0":"post-20314","1":"product","2":"type-product","3":"status-publish","4":"has-post-thumbnail","6":"product_cat-nepal","7":"product_tag-2nd-auction-hu","8":"product_tag-belyeg","10":"first","11":"outofstock","12":"sold-individually","13":"shipping-taxable","14":"product-type-simple"},"_links":{"self":[{"href":"https:\/\/stampcurio.com\/hu\/wp-json\/wp\/v2\/product\/20314","targetHints":{"allow":["GET"]}}],"collection":[{"href":"https:\/\/stampcurio.com\/hu\/wp-json\/wp\/v2\/product"}],"about":[{"href":"https:\/\/stampcurio.com\/hu\/wp-json\/wp\/v2\/types\/product"}],"wp:featuredmedia":[{"embeddable":true,"href":"https:\/\/stampcurio.com\/hu\/wp-json\/wp\/v2\/media\/20312"}],"wp:attachment":[{"href":"https:\/\/stampcurio.com\/hu\/wp-json\/wp\/v2\/media?parent=20314"}],"wp:term":[{"taxonomy":"product_brand","embeddable":true,"href":"https:\/\/stampcurio.com\/hu\/wp-json\/wp\/v2\/product_brand?post=20314"},{"taxonomy":"product_cat","embeddable":true,"href":"https:\/\/stampcurio.com\/hu\/wp-json\/wp\/v2\/product_cat?post=20314"},{"taxonomy":"product_tag","embeddable":true,"href":"https:\/\/stampcurio.com\/hu\/wp-json\/wp\/v2\/product_tag?post=20314"}],"curies":[{"name":"wp","href":"https:\/\/api.w.org\/{rel}","templated":true}]}}