{"id":20309,"date":"2024-12-06T21:51:02","date_gmt":"2024-12-06T20:51:02","guid":{"rendered":"https:\/\/stampcurio.com\/product\/sc-24-3212\/"},"modified":"2025-12-05T04:05:14","modified_gmt":"2025-12-05T03:05:14","slug":"1891-olaszorszag-king-umberto-i-5-liras-postatiszta-ivszeles-belyeg-stampworld-120-eur","status":"publish","type":"product","link":"https:\/\/stampcurio.com\/hu\/termek\/1891-olaszorszag-king-umberto-i-5-liras-postatiszta-ivszeles-belyeg-stampworld-120-eur\/","title":{"rendered":"1891 Olaszorsz\u00e1g &#8211; King Umberto I  5 l\u00edr\u00e1s postatiszta ** \u00edvsz\u00e9les b\u00e9lyeg Stampworld 120++ EUR"},"content":{"rendered":"","protected":false},"excerpt":{"rendered":"","protected":false},"featured_media":20307,"template":"","meta":[],"product_brand":[],"product_cat":[1183],"product_tag":[1664,116,1006],"class_list":{"0":"post-20309","1":"product","2":"type-product","3":"status-publish","4":"has-post-thumbnail","6":"product_cat-olaszorszag","7":"product_tag-2nd-auction-hu","8":"product_tag-belyeg","9":"product_tag-unsold","11":"first","12":"outofstock","13":"sold-individually","14":"shipping-taxable","15":"product-type-simple"},"_links":{"self":[{"href":"https:\/\/stampcurio.com\/hu\/wp-json\/wp\/v2\/product\/20309","targetHints":{"allow":["GET"]}}],"collection":[{"href":"https:\/\/stampcurio.com\/hu\/wp-json\/wp\/v2\/product"}],"about":[{"href":"https:\/\/stampcurio.com\/hu\/wp-json\/wp\/v2\/types\/product"}],"wp:featuredmedia":[{"embeddable":true,"href":"https:\/\/stampcurio.com\/hu\/wp-json\/wp\/v2\/media\/20307"}],"wp:attachment":[{"href":"https:\/\/stampcurio.com\/hu\/wp-json\/wp\/v2\/media?parent=20309"}],"wp:term":[{"taxonomy":"product_brand","embeddable":true,"href":"https:\/\/stampcurio.com\/hu\/wp-json\/wp\/v2\/product_brand?post=20309"},{"taxonomy":"product_cat","embeddable":true,"href":"https:\/\/stampcurio.com\/hu\/wp-json\/wp\/v2\/product_cat?post=20309"},{"taxonomy":"product_tag","embeddable":true,"href":"https:\/\/stampcurio.com\/hu\/wp-json\/wp\/v2\/product_tag?post=20309"}],"curies":[{"name":"wp","href":"https:\/\/api.w.org\/{rel}","templated":true}]}}