{"id":20302,"date":"2024-12-06T21:50:37","date_gmt":"2024-12-06T20:50:37","guid":{"rendered":"https:\/\/stampcurio.com\/product\/sc-24-3211\/"},"modified":"2025-12-05T04:05:14","modified_gmt":"2025-12-05T03:05:14","slug":"1850-ausztria-1kr-iii-tipus-szep-szelekkel-es-ofen-lebelyegzessel-kivagason","status":"publish","type":"product","link":"https:\/\/stampcurio.com\/hu\/termek\/1850-ausztria-1kr-iii-tipus-szep-szelekkel-es-ofen-lebelyegzessel-kivagason\/","title":{"rendered":"1850 Ausztria &#8211; 1kr III. tipus sz\u00e9p sz\u00e9lekkel \u00e9s OFEN leb\u00e9lyegz\u00e9ssel kiv\u00e1g\u00e1son"},"content":{"rendered":"","protected":false},"excerpt":{"rendered":"","protected":false},"featured_media":20300,"template":"","meta":[],"product_brand":[],"product_cat":[1178,1172],"product_tag":[1664,116,1041,1006],"class_list":{"0":"post-20302","1":"product","2":"type-product","3":"status-publish","4":"has-post-thumbnail","6":"product_cat-ausztria","7":"product_cat-magyarorszag","8":"product_tag-2nd-auction-hu","9":"product_tag-belyeg","10":"product_tag-marcophily-hu","11":"product_tag-unsold","13":"first","14":"outofstock","15":"sold-individually","16":"shipping-taxable","17":"product-type-simple"},"_links":{"self":[{"href":"https:\/\/stampcurio.com\/hu\/wp-json\/wp\/v2\/product\/20302","targetHints":{"allow":["GET"]}}],"collection":[{"href":"https:\/\/stampcurio.com\/hu\/wp-json\/wp\/v2\/product"}],"about":[{"href":"https:\/\/stampcurio.com\/hu\/wp-json\/wp\/v2\/types\/product"}],"wp:featuredmedia":[{"embeddable":true,"href":"https:\/\/stampcurio.com\/hu\/wp-json\/wp\/v2\/media\/20300"}],"wp:attachment":[{"href":"https:\/\/stampcurio.com\/hu\/wp-json\/wp\/v2\/media?parent=20302"}],"wp:term":[{"taxonomy":"product_brand","embeddable":true,"href":"https:\/\/stampcurio.com\/hu\/wp-json\/wp\/v2\/product_brand?post=20302"},{"taxonomy":"product_cat","embeddable":true,"href":"https:\/\/stampcurio.com\/hu\/wp-json\/wp\/v2\/product_cat?post=20302"},{"taxonomy":"product_tag","embeddable":true,"href":"https:\/\/stampcurio.com\/hu\/wp-json\/wp\/v2\/product_tag?post=20302"}],"curies":[{"name":"wp","href":"https:\/\/api.w.org\/{rel}","templated":true}]}}