{"id":20295,"date":"2024-12-06T21:50:17","date_gmt":"2024-12-06T20:50:17","guid":{"rendered":"https:\/\/stampcurio.com\/product\/sc-24-3208\/"},"modified":"2025-12-05T04:05:14","modified_gmt":"2025-12-05T03:05:14","slug":"1851-toszkana-a-2-cr-ertek-mindket-vizjellel-1860-ideiglenes-kormany-10c-stampworld-140-eur-az-1cr-ertek-serult-ezert-erre-katalogus-arat-nem-szamoltunk","status":"publish","type":"product","link":"https:\/\/stampcurio.com\/hu\/termek\/1851-toszkana-a-2-cr-ertek-mindket-vizjellel-1860-ideiglenes-kormany-10c-stampworld-140-eur-az-1cr-ertek-serult-ezert-erre-katalogus-arat-nem-szamoltunk\/","title":{"rendered":"1851 Toszk\u00e1na a 2 Cr \u00e9rt\u00e9k mindk\u00e9t v\u00edzjellel + 1860 Ideiglenes Korm\u00e1ny 10c \/ Stampworld 140 EUR + az 1Cr \u00e9rt\u00e9k s\u00e9r\u00fclt, ez\u00e9rt erre katal\u00f3gus \u00e1rat nem sz\u00e1moltunk"},"content":{"rendered":"","protected":false},"excerpt":{"rendered":"<p>Az 1 Cr postatiszta b\u00e9lyeg 4500 EUR, nyilv\u00e1nval\u00f3an ez az enyvezetlen s\u00e9r\u00fclt b\u00e9lyeg ennek csak a t\u00f6red\u00e9k\u00e9t \u00e9ri (&#8220;space filler&#8221;)<\/p>\n","protected":false},"featured_media":20293,"template":"","meta":[],"product_brand":[],"product_cat":[1183],"product_tag":[1664,116,1006],"class_list":{"0":"post-20295","1":"product","2":"type-product","3":"status-publish","4":"has-post-thumbnail","6":"product_cat-olaszorszag","7":"product_tag-2nd-auction-hu","8":"product_tag-belyeg","9":"product_tag-unsold","11":"first","12":"outofstock","13":"sold-individually","14":"shipping-taxable","15":"product-type-simple"},"_links":{"self":[{"href":"https:\/\/stampcurio.com\/hu\/wp-json\/wp\/v2\/product\/20295","targetHints":{"allow":["GET"]}}],"collection":[{"href":"https:\/\/stampcurio.com\/hu\/wp-json\/wp\/v2\/product"}],"about":[{"href":"https:\/\/stampcurio.com\/hu\/wp-json\/wp\/v2\/types\/product"}],"wp:featuredmedia":[{"embeddable":true,"href":"https:\/\/stampcurio.com\/hu\/wp-json\/wp\/v2\/media\/20293"}],"wp:attachment":[{"href":"https:\/\/stampcurio.com\/hu\/wp-json\/wp\/v2\/media?parent=20295"}],"wp:term":[{"taxonomy":"product_brand","embeddable":true,"href":"https:\/\/stampcurio.com\/hu\/wp-json\/wp\/v2\/product_brand?post=20295"},{"taxonomy":"product_cat","embeddable":true,"href":"https:\/\/stampcurio.com\/hu\/wp-json\/wp\/v2\/product_cat?post=20295"},{"taxonomy":"product_tag","embeddable":true,"href":"https:\/\/stampcurio.com\/hu\/wp-json\/wp\/v2\/product_tag?post=20295"}],"curies":[{"name":"wp","href":"https:\/\/api.w.org\/{rel}","templated":true}]}}