{"id":20290,"date":"2024-12-06T21:50:02","date_gmt":"2024-12-06T20:50:02","guid":{"rendered":"https:\/\/stampcurio.com\/product\/sc-24-3207\/"},"modified":"2025-12-05T04:05:15","modified_gmt":"2025-12-05T03:05:15","slug":"1858-ausztria-kek-postatiszta-nagy-alaku-andraskereszt-ferchenbauer-145-eur","status":"publish","type":"product","link":"https:\/\/stampcurio.com\/hu\/termek\/1858-ausztria-kek-postatiszta-nagy-alaku-andraskereszt-ferchenbauer-145-eur\/","title":{"rendered":"1858 Ausztria &#8211; k\u00e9k postatiszta * nagy alak\u00fa andr\u00e1skereszt &#8211; Ferchenbauer: 145 EUR"},"content":{"rendered":"","protected":false},"excerpt":{"rendered":"<p>Betapad\u00e1s nyoma a h\u00e1toldalon &#8211; a k\u00e9pen j\u00f3l l\u00e1that\u00f3.<\/p>\n","protected":false},"featured_media":20288,"template":"","meta":[],"product_brand":[],"product_cat":[1178,1172],"product_tag":[1664,116],"class_list":{"0":"post-20290","1":"product","2":"type-product","3":"status-publish","4":"has-post-thumbnail","6":"product_cat-ausztria","7":"product_cat-magyarorszag","8":"product_tag-2nd-auction-hu","9":"product_tag-belyeg","11":"first","12":"outofstock","13":"sold-individually","14":"shipping-taxable","15":"product-type-simple"},"_links":{"self":[{"href":"https:\/\/stampcurio.com\/hu\/wp-json\/wp\/v2\/product\/20290","targetHints":{"allow":["GET"]}}],"collection":[{"href":"https:\/\/stampcurio.com\/hu\/wp-json\/wp\/v2\/product"}],"about":[{"href":"https:\/\/stampcurio.com\/hu\/wp-json\/wp\/v2\/types\/product"}],"wp:featuredmedia":[{"embeddable":true,"href":"https:\/\/stampcurio.com\/hu\/wp-json\/wp\/v2\/media\/20288"}],"wp:attachment":[{"href":"https:\/\/stampcurio.com\/hu\/wp-json\/wp\/v2\/media?parent=20290"}],"wp:term":[{"taxonomy":"product_brand","embeddable":true,"href":"https:\/\/stampcurio.com\/hu\/wp-json\/wp\/v2\/product_brand?post=20290"},{"taxonomy":"product_cat","embeddable":true,"href":"https:\/\/stampcurio.com\/hu\/wp-json\/wp\/v2\/product_cat?post=20290"},{"taxonomy":"product_tag","embeddable":true,"href":"https:\/\/stampcurio.com\/hu\/wp-json\/wp\/v2\/product_tag?post=20290"}],"curies":[{"name":"wp","href":"https:\/\/api.w.org\/{rel}","templated":true}]}}