{"id":20278,"date":"2024-12-06T21:49:22","date_gmt":"2024-12-06T20:49:22","guid":{"rendered":"https:\/\/stampcurio.com\/product\/sc-24-3205\/"},"modified":"2025-12-05T04:05:15","modified_gmt":"2025-12-05T03:05:15","slug":"1881-magyarorszag-krajcaros-kiadas-a-rendkivul-ritka-brlog-stacia-gyuszu-belyegzessel-foghibak-gudlin-e3-17-tipus-300-pont","status":"publish","type":"product","link":"https:\/\/stampcurio.com\/hu\/termek\/1881-magyarorszag-krajcaros-kiadas-a-rendkivul-ritka-brlog-stacia-gyuszu-belyegzessel-foghibak-gudlin-e3-17-tipus-300-pont\/","title":{"rendered":"1881 Magyarorsz\u00e1g &#8211; krajc\u00e1ros kiad\u00e1s a rendk\u00edv\u00fcl ritka BRLOG STACIA gy\u0171sz\u0171 b\u00e9lyegz\u00e9ssel &#8211; foghib\u00e1k &#8211; Gudlin E3.17 t\u00edpus \/ 300 pont"},"content":{"rendered":"","protected":false},"excerpt":{"rendered":"","protected":false},"featured_media":20276,"template":"","meta":[],"product_brand":[],"product_cat":[1192,1172],"product_tag":[1664,1041],"class_list":{"0":"post-20278","1":"product","2":"type-product","3":"status-publish","4":"has-post-thumbnail","6":"product_cat-horvatorszag","7":"product_cat-magyarorszag","8":"product_tag-2nd-auction-hu","9":"product_tag-marcophily-hu","11":"first","12":"outofstock","13":"sold-individually","14":"shipping-taxable","15":"product-type-simple"},"_links":{"self":[{"href":"https:\/\/stampcurio.com\/hu\/wp-json\/wp\/v2\/product\/20278","targetHints":{"allow":["GET"]}}],"collection":[{"href":"https:\/\/stampcurio.com\/hu\/wp-json\/wp\/v2\/product"}],"about":[{"href":"https:\/\/stampcurio.com\/hu\/wp-json\/wp\/v2\/types\/product"}],"wp:featuredmedia":[{"embeddable":true,"href":"https:\/\/stampcurio.com\/hu\/wp-json\/wp\/v2\/media\/20276"}],"wp:attachment":[{"href":"https:\/\/stampcurio.com\/hu\/wp-json\/wp\/v2\/media?parent=20278"}],"wp:term":[{"taxonomy":"product_brand","embeddable":true,"href":"https:\/\/stampcurio.com\/hu\/wp-json\/wp\/v2\/product_brand?post=20278"},{"taxonomy":"product_cat","embeddable":true,"href":"https:\/\/stampcurio.com\/hu\/wp-json\/wp\/v2\/product_cat?post=20278"},{"taxonomy":"product_tag","embeddable":true,"href":"https:\/\/stampcurio.com\/hu\/wp-json\/wp\/v2\/product_tag?post=20278"}],"curies":[{"name":"wp","href":"https:\/\/api.w.org\/{rel}","templated":true}]}}