{"id":20264,"date":"2024-12-06T21:48:34","date_gmt":"2024-12-06T20:48:34","guid":{"rendered":"https:\/\/stampcurio.com\/product\/sc-24-3199\/"},"modified":"2025-12-05T04:05:16","modified_gmt":"2025-12-05T03:05:16","slug":"1850-ausztria-2kr-iii-tipus-szep-szelekkel-es-latvanyos-lemezhibaval-a-sas-fejenel","status":"publish","type":"product","link":"https:\/\/stampcurio.com\/hu\/termek\/1850-ausztria-2kr-iii-tipus-szep-szelekkel-es-latvanyos-lemezhibaval-a-sas-fejenel\/","title":{"rendered":"1850 Ausztria 2kr III. tipus sz\u00e9p sz\u00e9lekkel \u00e9s l\u00e1tv\u00e1nyos lemezhib\u00e1val a sas fej\u00e9n\u00e9l"},"content":{"rendered":"","protected":false},"excerpt":{"rendered":"","protected":false},"featured_media":20262,"template":"","meta":[],"product_brand":[],"product_cat":[1178],"product_tag":[1664,116,217,1006],"class_list":{"0":"post-20264","1":"product","2":"type-product","3":"status-publish","4":"has-post-thumbnail","6":"product_cat-ausztria","7":"product_tag-2nd-auction-hu","8":"product_tag-belyeg","9":"product_tag-tevnyomat","10":"product_tag-unsold","12":"first","13":"outofstock","14":"sold-individually","15":"shipping-taxable","16":"product-type-simple"},"_links":{"self":[{"href":"https:\/\/stampcurio.com\/hu\/wp-json\/wp\/v2\/product\/20264","targetHints":{"allow":["GET"]}}],"collection":[{"href":"https:\/\/stampcurio.com\/hu\/wp-json\/wp\/v2\/product"}],"about":[{"href":"https:\/\/stampcurio.com\/hu\/wp-json\/wp\/v2\/types\/product"}],"wp:featuredmedia":[{"embeddable":true,"href":"https:\/\/stampcurio.com\/hu\/wp-json\/wp\/v2\/media\/20262"}],"wp:attachment":[{"href":"https:\/\/stampcurio.com\/hu\/wp-json\/wp\/v2\/media?parent=20264"}],"wp:term":[{"taxonomy":"product_brand","embeddable":true,"href":"https:\/\/stampcurio.com\/hu\/wp-json\/wp\/v2\/product_brand?post=20264"},{"taxonomy":"product_cat","embeddable":true,"href":"https:\/\/stampcurio.com\/hu\/wp-json\/wp\/v2\/product_cat?post=20264"},{"taxonomy":"product_tag","embeddable":true,"href":"https:\/\/stampcurio.com\/hu\/wp-json\/wp\/v2\/product_tag?post=20264"}],"curies":[{"name":"wp","href":"https:\/\/api.w.org\/{rel}","templated":true}]}}