{"id":20257,"date":"2024-12-06T21:48:12","date_gmt":"2024-12-06T20:48:12","guid":{"rendered":"https:\/\/stampcurio.com\/product\/sc-24-3197\/"},"modified":"2025-12-05T04:05:16","modified_gmt":"2025-12-05T03:05:16","slug":"1914-magyarorszag-turul-hadisegely-i-5-korona-postatiszta-fille_-tevnyomat-falc-az-ivszelen","status":"publish","type":"product","link":"https:\/\/stampcurio.com\/hu\/termek\/1914-magyarorszag-turul-hadisegely-i-5-korona-postatiszta-fille_-tevnyomat-falc-az-ivszelen\/","title":{"rendered":"1914 Magyarorsz\u00e1g \u2013 turul Hadiseg\u00e9ly I. 5 korona postatiszta ** fill\u00e9_ t\u00e9vnyomat \/ falc az \u00edvsz\u00e9len"},"content":{"rendered":"","protected":false},"excerpt":{"rendered":"","protected":false},"featured_media":20255,"template":"","meta":[],"product_brand":[],"product_cat":[1172],"product_tag":[1664,116,217,1006],"class_list":{"0":"post-20257","1":"product","2":"type-product","3":"status-publish","4":"has-post-thumbnail","6":"product_cat-magyarorszag","7":"product_tag-2nd-auction-hu","8":"product_tag-belyeg","9":"product_tag-tevnyomat","10":"product_tag-unsold","12":"first","13":"outofstock","14":"sold-individually","15":"shipping-taxable","16":"product-type-simple"},"_links":{"self":[{"href":"https:\/\/stampcurio.com\/hu\/wp-json\/wp\/v2\/product\/20257","targetHints":{"allow":["GET"]}}],"collection":[{"href":"https:\/\/stampcurio.com\/hu\/wp-json\/wp\/v2\/product"}],"about":[{"href":"https:\/\/stampcurio.com\/hu\/wp-json\/wp\/v2\/types\/product"}],"wp:featuredmedia":[{"embeddable":true,"href":"https:\/\/stampcurio.com\/hu\/wp-json\/wp\/v2\/media\/20255"}],"wp:attachment":[{"href":"https:\/\/stampcurio.com\/hu\/wp-json\/wp\/v2\/media?parent=20257"}],"wp:term":[{"taxonomy":"product_brand","embeddable":true,"href":"https:\/\/stampcurio.com\/hu\/wp-json\/wp\/v2\/product_brand?post=20257"},{"taxonomy":"product_cat","embeddable":true,"href":"https:\/\/stampcurio.com\/hu\/wp-json\/wp\/v2\/product_cat?post=20257"},{"taxonomy":"product_tag","embeddable":true,"href":"https:\/\/stampcurio.com\/hu\/wp-json\/wp\/v2\/product_tag?post=20257"}],"curies":[{"name":"wp","href":"https:\/\/api.w.org\/{rel}","templated":true}]}}