{"id":20214,"date":"2024-12-06T21:45:41","date_gmt":"2024-12-06T20:45:41","guid":{"rendered":"https:\/\/stampcurio.com\/product\/sc-24-3182\/"},"modified":"2025-12-05T04:05:18","modified_gmt":"2025-12-05T03:05:18","slug":"1900-magyarorszag-postatiszta-turul-sor-szep-minosegben-szinvariansokkal-phu-630-eur","status":"publish","type":"product","link":"https:\/\/stampcurio.com\/hu\/termek\/1900-magyarorszag-postatiszta-turul-sor-szep-minosegben-szinvariansokkal-phu-630-eur\/","title":{"rendered":"1900 Magyarorsz\u00e1g &#8211; postatiszta * turul sor sz\u00e9p min\u0151s\u00e9gben sz\u00ednvari\u00e1nsokkal PHu: 630 EUR"},"content":{"rendered":"","protected":false},"excerpt":{"rendered":"","protected":false},"featured_media":20212,"template":"","meta":[],"product_brand":[],"product_cat":[1172],"product_tag":[1664,116,176],"class_list":{"0":"post-20214","1":"product","2":"type-product","3":"status-publish","4":"has-post-thumbnail","6":"product_cat-magyarorszag","7":"product_tag-2nd-auction-hu","8":"product_tag-belyeg","9":"product_tag-philagem","11":"first","12":"outofstock","13":"sold-individually","14":"shipping-taxable","15":"product-type-simple"},"_links":{"self":[{"href":"https:\/\/stampcurio.com\/hu\/wp-json\/wp\/v2\/product\/20214","targetHints":{"allow":["GET"]}}],"collection":[{"href":"https:\/\/stampcurio.com\/hu\/wp-json\/wp\/v2\/product"}],"about":[{"href":"https:\/\/stampcurio.com\/hu\/wp-json\/wp\/v2\/types\/product"}],"wp:featuredmedia":[{"embeddable":true,"href":"https:\/\/stampcurio.com\/hu\/wp-json\/wp\/v2\/media\/20212"}],"wp:attachment":[{"href":"https:\/\/stampcurio.com\/hu\/wp-json\/wp\/v2\/media?parent=20214"}],"wp:term":[{"taxonomy":"product_brand","embeddable":true,"href":"https:\/\/stampcurio.com\/hu\/wp-json\/wp\/v2\/product_brand?post=20214"},{"taxonomy":"product_cat","embeddable":true,"href":"https:\/\/stampcurio.com\/hu\/wp-json\/wp\/v2\/product_cat?post=20214"},{"taxonomy":"product_tag","embeddable":true,"href":"https:\/\/stampcurio.com\/hu\/wp-json\/wp\/v2\/product_tag?post=20214"}],"curies":[{"name":"wp","href":"https:\/\/api.w.org\/{rel}","templated":true}]}}