{"id":20204,"date":"2024-12-06T21:45:06","date_gmt":"2024-12-06T20:45:06","guid":{"rendered":"https:\/\/stampcurio.com\/product\/sc-24-3179\/"},"modified":"2025-12-05T04:05:18","modified_gmt":"2025-12-05T03:05:18","slug":"1871-magyarorszag-konyomat-3-krajcar-feketenyomat-szignalt-sperati-reprodukcio","status":"publish","type":"product","link":"https:\/\/stampcurio.com\/hu\/termek\/1871-magyarorszag-konyomat-3-krajcar-feketenyomat-szignalt-sperati-reprodukcio\/","title":{"rendered":"1871 Magyarorsz\u00e1g \u2013 k\u0151nyomat 3 krajc\u00e1r feketenyomat &#8211; szign\u00e1lt Sperati  reprodukci\u00f3"},"content":{"rendered":"","protected":false},"excerpt":{"rendered":"","protected":false},"featured_media":20202,"template":"","meta":[],"product_brand":[],"product_cat":[1172],"product_tag":[1664,116,176,1006],"class_list":{"0":"post-20204","1":"product","2":"type-product","3":"status-publish","4":"has-post-thumbnail","6":"product_cat-magyarorszag","7":"product_tag-2nd-auction-hu","8":"product_tag-belyeg","9":"product_tag-philagem","10":"product_tag-unsold","12":"first","13":"outofstock","14":"sold-individually","15":"shipping-taxable","16":"product-type-simple"},"_links":{"self":[{"href":"https:\/\/stampcurio.com\/hu\/wp-json\/wp\/v2\/product\/20204","targetHints":{"allow":["GET"]}}],"collection":[{"href":"https:\/\/stampcurio.com\/hu\/wp-json\/wp\/v2\/product"}],"about":[{"href":"https:\/\/stampcurio.com\/hu\/wp-json\/wp\/v2\/types\/product"}],"wp:featuredmedia":[{"embeddable":true,"href":"https:\/\/stampcurio.com\/hu\/wp-json\/wp\/v2\/media\/20202"}],"wp:attachment":[{"href":"https:\/\/stampcurio.com\/hu\/wp-json\/wp\/v2\/media?parent=20204"}],"wp:term":[{"taxonomy":"product_brand","embeddable":true,"href":"https:\/\/stampcurio.com\/hu\/wp-json\/wp\/v2\/product_brand?post=20204"},{"taxonomy":"product_cat","embeddable":true,"href":"https:\/\/stampcurio.com\/hu\/wp-json\/wp\/v2\/product_cat?post=20204"},{"taxonomy":"product_tag","embeddable":true,"href":"https:\/\/stampcurio.com\/hu\/wp-json\/wp\/v2\/product_tag?post=20204"}],"curies":[{"name":"wp","href":"https:\/\/api.w.org\/{rel}","templated":true}]}}