{"id":19867,"date":"2024-12-05T21:05:31","date_gmt":"2024-12-05T20:05:31","guid":{"rendered":"https:\/\/stampcurio.com\/product\/sc-24-3700\/"},"modified":"2025-12-05T04:05:20","modified_gmt":"2025-12-05T03:05:20","slug":"1955-eszak-korea-admiral-li-sun-sin-vagott-postatiszta-osszefuggesekben","status":"publish","type":"product","link":"https:\/\/stampcurio.com\/hu\/termek\/1955-eszak-korea-admiral-li-sun-sin-vagott-postatiszta-osszefuggesekben\/","title":{"rendered":"1955 \u00c9szak-Korea Admiral Li Sun Sin v\u00e1gott postatiszta \u00f6sszef\u00fcgg\u00e9sekben"},"content":{"rendered":"","protected":false},"excerpt":{"rendered":"","protected":false},"featured_media":19865,"template":"","meta":[],"product_brand":[],"product_cat":[1225],"product_tag":[1664,116],"class_list":{"0":"post-19867","1":"product","2":"type-product","3":"status-publish","4":"has-post-thumbnail","6":"product_cat-eszak-korea","7":"product_tag-2nd-auction-hu","8":"product_tag-belyeg","10":"first","11":"outofstock","12":"sold-individually","13":"shipping-taxable","14":"product-type-simple"},"_links":{"self":[{"href":"https:\/\/stampcurio.com\/hu\/wp-json\/wp\/v2\/product\/19867","targetHints":{"allow":["GET"]}}],"collection":[{"href":"https:\/\/stampcurio.com\/hu\/wp-json\/wp\/v2\/product"}],"about":[{"href":"https:\/\/stampcurio.com\/hu\/wp-json\/wp\/v2\/types\/product"}],"wp:featuredmedia":[{"embeddable":true,"href":"https:\/\/stampcurio.com\/hu\/wp-json\/wp\/v2\/media\/19865"}],"wp:attachment":[{"href":"https:\/\/stampcurio.com\/hu\/wp-json\/wp\/v2\/media?parent=19867"}],"wp:term":[{"taxonomy":"product_brand","embeddable":true,"href":"https:\/\/stampcurio.com\/hu\/wp-json\/wp\/v2\/product_brand?post=19867"},{"taxonomy":"product_cat","embeddable":true,"href":"https:\/\/stampcurio.com\/hu\/wp-json\/wp\/v2\/product_cat?post=19867"},{"taxonomy":"product_tag","embeddable":true,"href":"https:\/\/stampcurio.com\/hu\/wp-json\/wp\/v2\/product_tag?post=19867"}],"curies":[{"name":"wp","href":"https:\/\/api.w.org\/{rel}","templated":true}]}}