{"id":19862,"date":"2024-12-05T21:05:17","date_gmt":"2024-12-05T20:05:17","guid":{"rendered":"https:\/\/stampcurio.com\/product\/sc-24-3693\/"},"modified":"2025-12-05T04:05:20","modified_gmt":"2025-12-05T03:05:20","slug":"1959-eszak-korea-az-orszag-iparositasa-sor-gyumolcsszedo-erteke-postatisztan-a-narancssarga-szinnyomat-nelkul","status":"publish","type":"product","link":"https:\/\/stampcurio.com\/hu\/termek\/1959-eszak-korea-az-orszag-iparositasa-sor-gyumolcsszedo-erteke-postatisztan-a-narancssarga-szinnyomat-nelkul\/","title":{"rendered":"1959 \u00c9szak-Korea &#8211; Az orsz\u00e1g iparos\u00edt\u00e1sa sor gy\u00fcm\u00f6lcsszed\u0151 \u00e9rt\u00e9ke postatiszt\u00e1n a narancss\u00e1rga sz\u00ednnyomat n\u00e9lk\u00fcl"},"content":{"rendered":"","protected":false},"excerpt":{"rendered":"","protected":false},"featured_media":19860,"template":"","meta":[],"product_brand":[],"product_cat":[1225],"product_tag":[1664,116,217],"class_list":{"0":"post-19862","1":"product","2":"type-product","3":"status-publish","4":"has-post-thumbnail","6":"product_cat-eszak-korea","7":"product_tag-2nd-auction-hu","8":"product_tag-belyeg","9":"product_tag-tevnyomat","11":"first","12":"outofstock","13":"sold-individually","14":"shipping-taxable","15":"product-type-simple"},"_links":{"self":[{"href":"https:\/\/stampcurio.com\/hu\/wp-json\/wp\/v2\/product\/19862","targetHints":{"allow":["GET"]}}],"collection":[{"href":"https:\/\/stampcurio.com\/hu\/wp-json\/wp\/v2\/product"}],"about":[{"href":"https:\/\/stampcurio.com\/hu\/wp-json\/wp\/v2\/types\/product"}],"wp:featuredmedia":[{"embeddable":true,"href":"https:\/\/stampcurio.com\/hu\/wp-json\/wp\/v2\/media\/19860"}],"wp:attachment":[{"href":"https:\/\/stampcurio.com\/hu\/wp-json\/wp\/v2\/media?parent=19862"}],"wp:term":[{"taxonomy":"product_brand","embeddable":true,"href":"https:\/\/stampcurio.com\/hu\/wp-json\/wp\/v2\/product_brand?post=19862"},{"taxonomy":"product_cat","embeddable":true,"href":"https:\/\/stampcurio.com\/hu\/wp-json\/wp\/v2\/product_cat?post=19862"},{"taxonomy":"product_tag","embeddable":true,"href":"https:\/\/stampcurio.com\/hu\/wp-json\/wp\/v2\/product_tag?post=19862"}],"curies":[{"name":"wp","href":"https:\/\/api.w.org\/{rel}","templated":true}]}}