{"id":19857,"date":"2024-12-05T21:05:04","date_gmt":"2024-12-05T20:05:04","guid":{"rendered":"https:\/\/stampcurio.com\/product\/sc-24-3683\/"},"modified":"2025-12-05T04:05:20","modified_gmt":"2025-12-05T03:05:20","slug":"1966-eszak-korea-a-januari-kiadasu-vadviragok-postatiszta-sor-ivszeli-kilencestombokben-stampworld-81-eur","status":"publish","type":"product","link":"https:\/\/stampcurio.com\/hu\/termek\/1966-eszak-korea-a-januari-kiadasu-vadviragok-postatiszta-sor-ivszeli-kilencestombokben-stampworld-81-eur\/","title":{"rendered":"1966 \u00c9szak-Korea a janu\u00e1ri kiad\u00e1s\u00fa Vadvir\u00e1gok postatiszta sor \u00edvsz\u00e9li kilencest\u00f6mb\u00f6kben &#8211; Stampworld 81 EUR"},"content":{"rendered":"","protected":false},"excerpt":{"rendered":"","protected":false},"featured_media":19855,"template":"","meta":[],"product_brand":[],"product_cat":[1225],"product_tag":[1664,116,1374],"class_list":{"0":"post-19857","1":"product","2":"type-product","3":"status-publish","4":"has-post-thumbnail","6":"product_cat-eszak-korea","7":"product_tag-2nd-auction-hu","8":"product_tag-belyeg","9":"product_tag-motivum","11":"first","12":"outofstock","13":"sold-individually","14":"shipping-taxable","15":"product-type-simple"},"_links":{"self":[{"href":"https:\/\/stampcurio.com\/hu\/wp-json\/wp\/v2\/product\/19857","targetHints":{"allow":["GET"]}}],"collection":[{"href":"https:\/\/stampcurio.com\/hu\/wp-json\/wp\/v2\/product"}],"about":[{"href":"https:\/\/stampcurio.com\/hu\/wp-json\/wp\/v2\/types\/product"}],"wp:featuredmedia":[{"embeddable":true,"href":"https:\/\/stampcurio.com\/hu\/wp-json\/wp\/v2\/media\/19855"}],"wp:attachment":[{"href":"https:\/\/stampcurio.com\/hu\/wp-json\/wp\/v2\/media?parent=19857"}],"wp:term":[{"taxonomy":"product_brand","embeddable":true,"href":"https:\/\/stampcurio.com\/hu\/wp-json\/wp\/v2\/product_brand?post=19857"},{"taxonomy":"product_cat","embeddable":true,"href":"https:\/\/stampcurio.com\/hu\/wp-json\/wp\/v2\/product_cat?post=19857"},{"taxonomy":"product_tag","embeddable":true,"href":"https:\/\/stampcurio.com\/hu\/wp-json\/wp\/v2\/product_tag?post=19857"}],"curies":[{"name":"wp","href":"https:\/\/api.w.org\/{rel}","templated":true}]}}