{"id":19812,"date":"2024-12-05T21:02:46","date_gmt":"2024-12-05T20:02:46","guid":{"rendered":"https:\/\/stampcurio.com\/product\/sc-24-3254\/"},"modified":"2025-12-05T04:05:23","modified_gmt":"2025-12-05T03:05:23","slug":"1850-ausztria-6-kr-i-tipusu-belyeg-szep-gepszinatnyomattal-recom-belyegzessel","status":"publish","type":"product","link":"https:\/\/stampcurio.com\/hu\/termek\/1850-ausztria-6-kr-i-tipusu-belyeg-szep-gepszinatnyomattal-recom-belyegzessel\/","title":{"rendered":"1850 Ausztria &#8211; 6 kr I. tipus\u00fa b\u00e9lyeg sz\u00e9p g\u00e9psz\u00edn\u00e1tnyomattal &#8211; RECOM b\u00e9lyegz\u00e9ssel"},"content":{"rendered":"","protected":false},"excerpt":{"rendered":"","protected":false},"featured_media":19810,"template":"","meta":[],"product_brand":[],"product_cat":[1178,1172,1208],"product_tag":[1664,116,1041,217],"class_list":{"0":"post-19812","1":"product","2":"type-product","3":"status-publish","4":"has-post-thumbnail","6":"product_cat-ausztria","7":"product_cat-magyarorszag","8":"product_cat-romania","9":"product_tag-2nd-auction-hu","10":"product_tag-belyeg","11":"product_tag-marcophily-hu","12":"product_tag-tevnyomat","14":"first","15":"outofstock","16":"sold-individually","17":"shipping-taxable","18":"product-type-simple"},"_links":{"self":[{"href":"https:\/\/stampcurio.com\/hu\/wp-json\/wp\/v2\/product\/19812","targetHints":{"allow":["GET"]}}],"collection":[{"href":"https:\/\/stampcurio.com\/hu\/wp-json\/wp\/v2\/product"}],"about":[{"href":"https:\/\/stampcurio.com\/hu\/wp-json\/wp\/v2\/types\/product"}],"wp:featuredmedia":[{"embeddable":true,"href":"https:\/\/stampcurio.com\/hu\/wp-json\/wp\/v2\/media\/19810"}],"wp:attachment":[{"href":"https:\/\/stampcurio.com\/hu\/wp-json\/wp\/v2\/media?parent=19812"}],"wp:term":[{"taxonomy":"product_brand","embeddable":true,"href":"https:\/\/stampcurio.com\/hu\/wp-json\/wp\/v2\/product_brand?post=19812"},{"taxonomy":"product_cat","embeddable":true,"href":"https:\/\/stampcurio.com\/hu\/wp-json\/wp\/v2\/product_cat?post=19812"},{"taxonomy":"product_tag","embeddable":true,"href":"https:\/\/stampcurio.com\/hu\/wp-json\/wp\/v2\/product_tag?post=19812"}],"curies":[{"name":"wp","href":"https:\/\/api.w.org\/{rel}","templated":true}]}}