{"id":19805,"date":"2024-12-05T21:02:22","date_gmt":"2024-12-05T20:02:22","guid":{"rendered":"https:\/\/stampcurio.com\/product\/sc-24-3251\/"},"modified":"2025-12-05T04:05:23","modified_gmt":"2025-12-05T03:05:23","slug":"1850-ausztia-1kr-ib-tipus-a-allasu-ketoldali-nyomassal-ferchenbauer-200-eur","status":"publish","type":"product","link":"https:\/\/stampcurio.com\/hu\/termek\/1850-ausztia-1kr-ib-tipus-a-allasu-ketoldali-nyomassal-ferchenbauer-200-eur\/","title":{"rendered":"1850 Ausztia &#8211; 1kr Ib t\u00edpus &#8220;A&#8221; \u00e1ll\u00e1s\u00fa k\u00e9toldali nyom\u00e1ssal Ferchenbauer 200 EUR"},"content":{"rendered":"","protected":false},"excerpt":{"rendered":"","protected":false},"featured_media":19803,"template":"","meta":[],"product_brand":[],"product_cat":[1178],"product_tag":[1664,116,1041,217,1006],"class_list":{"0":"post-19805","1":"product","2":"type-product","3":"status-publish","4":"has-post-thumbnail","6":"product_cat-ausztria","7":"product_tag-2nd-auction-hu","8":"product_tag-belyeg","9":"product_tag-marcophily-hu","10":"product_tag-tevnyomat","11":"product_tag-unsold","13":"first","14":"outofstock","15":"sold-individually","16":"shipping-taxable","17":"product-type-simple"},"_links":{"self":[{"href":"https:\/\/stampcurio.com\/hu\/wp-json\/wp\/v2\/product\/19805","targetHints":{"allow":["GET"]}}],"collection":[{"href":"https:\/\/stampcurio.com\/hu\/wp-json\/wp\/v2\/product"}],"about":[{"href":"https:\/\/stampcurio.com\/hu\/wp-json\/wp\/v2\/types\/product"}],"wp:featuredmedia":[{"embeddable":true,"href":"https:\/\/stampcurio.com\/hu\/wp-json\/wp\/v2\/media\/19803"}],"wp:attachment":[{"href":"https:\/\/stampcurio.com\/hu\/wp-json\/wp\/v2\/media?parent=19805"}],"wp:term":[{"taxonomy":"product_brand","embeddable":true,"href":"https:\/\/stampcurio.com\/hu\/wp-json\/wp\/v2\/product_brand?post=19805"},{"taxonomy":"product_cat","embeddable":true,"href":"https:\/\/stampcurio.com\/hu\/wp-json\/wp\/v2\/product_cat?post=19805"},{"taxonomy":"product_tag","embeddable":true,"href":"https:\/\/stampcurio.com\/hu\/wp-json\/wp\/v2\/product_tag?post=19805"}],"curies":[{"name":"wp","href":"https:\/\/api.w.org\/{rel}","templated":true}]}}