{"id":19800,"date":"2024-12-05T21:02:06","date_gmt":"2024-12-05T20:02:06","guid":{"rendered":"https:\/\/stampcurio.com\/product\/sc-24-3239\/"},"modified":"2025-12-05T04:05:23","modified_gmt":"2025-12-05T03:05:23","slug":"1918-litvania-a-15-skatiku-elso-kiadasa-14-ivhely","status":"publish","type":"product","link":"https:\/\/stampcurio.com\/hu\/termek\/1918-litvania-a-15-skatiku-elso-kiadasa-14-ivhely\/","title":{"rendered":"1918 Litv\u00e1nia &#8211; a 15 skatiku els\u0151 kiad\u00e1sa &#8211; 14. \u00edvhely"},"content":{"rendered":"","protected":false},"excerpt":{"rendered":"","protected":false},"featured_media":19798,"template":"","meta":[],"product_brand":[],"product_cat":[1272],"product_tag":[1664,116],"class_list":{"0":"post-19800","1":"product","2":"type-product","3":"status-publish","4":"has-post-thumbnail","6":"product_cat-litvania","7":"product_tag-2nd-auction-hu","8":"product_tag-belyeg","10":"first","11":"outofstock","12":"sold-individually","13":"shipping-taxable","14":"product-type-simple"},"_links":{"self":[{"href":"https:\/\/stampcurio.com\/hu\/wp-json\/wp\/v2\/product\/19800","targetHints":{"allow":["GET"]}}],"collection":[{"href":"https:\/\/stampcurio.com\/hu\/wp-json\/wp\/v2\/product"}],"about":[{"href":"https:\/\/stampcurio.com\/hu\/wp-json\/wp\/v2\/types\/product"}],"wp:featuredmedia":[{"embeddable":true,"href":"https:\/\/stampcurio.com\/hu\/wp-json\/wp\/v2\/media\/19798"}],"wp:attachment":[{"href":"https:\/\/stampcurio.com\/hu\/wp-json\/wp\/v2\/media?parent=19800"}],"wp:term":[{"taxonomy":"product_brand","embeddable":true,"href":"https:\/\/stampcurio.com\/hu\/wp-json\/wp\/v2\/product_brand?post=19800"},{"taxonomy":"product_cat","embeddable":true,"href":"https:\/\/stampcurio.com\/hu\/wp-json\/wp\/v2\/product_cat?post=19800"},{"taxonomy":"product_tag","embeddable":true,"href":"https:\/\/stampcurio.com\/hu\/wp-json\/wp\/v2\/product_tag?post=19800"}],"curies":[{"name":"wp","href":"https:\/\/api.w.org\/{rel}","templated":true}]}}