{"id":19784,"date":"2024-12-05T21:01:18","date_gmt":"2024-12-05T20:01:18","guid":{"rendered":"https:\/\/stampcurio.com\/product\/sc-24-3222\/"},"modified":"2025-12-05T04:05:24","modified_gmt":"2025-12-05T03:05:24","slug":"1949-eszakkelet-kina-postatiszta-1500-yuan-a-piros-szin-jelentos-elcsuszasaval","status":"publish","type":"product","link":"https:\/\/stampcurio.com\/hu\/termek\/1949-eszakkelet-kina-postatiszta-1500-yuan-a-piros-szin-jelentos-elcsuszasaval\/","title":{"rendered":"1949 \u00c9szakkelet-K\u00edna postatiszta 1500 Yuan a piros sz\u00edn jelent\u0151s elcs\u00fasz\u00e1s\u00e1val"},"content":{"rendered":"","protected":false},"excerpt":{"rendered":"","protected":false},"featured_media":19782,"template":"","meta":[],"product_brand":[],"product_cat":[1247],"product_tag":[1664,116,217],"class_list":{"0":"post-19784","1":"product","2":"type-product","3":"status-publish","4":"has-post-thumbnail","6":"product_cat-kina","7":"product_tag-2nd-auction-hu","8":"product_tag-belyeg","9":"product_tag-tevnyomat","11":"first","12":"outofstock","13":"sold-individually","14":"shipping-taxable","15":"product-type-simple"},"_links":{"self":[{"href":"https:\/\/stampcurio.com\/hu\/wp-json\/wp\/v2\/product\/19784","targetHints":{"allow":["GET"]}}],"collection":[{"href":"https:\/\/stampcurio.com\/hu\/wp-json\/wp\/v2\/product"}],"about":[{"href":"https:\/\/stampcurio.com\/hu\/wp-json\/wp\/v2\/types\/product"}],"wp:featuredmedia":[{"embeddable":true,"href":"https:\/\/stampcurio.com\/hu\/wp-json\/wp\/v2\/media\/19782"}],"wp:attachment":[{"href":"https:\/\/stampcurio.com\/hu\/wp-json\/wp\/v2\/media?parent=19784"}],"wp:term":[{"taxonomy":"product_brand","embeddable":true,"href":"https:\/\/stampcurio.com\/hu\/wp-json\/wp\/v2\/product_brand?post=19784"},{"taxonomy":"product_cat","embeddable":true,"href":"https:\/\/stampcurio.com\/hu\/wp-json\/wp\/v2\/product_cat?post=19784"},{"taxonomy":"product_tag","embeddable":true,"href":"https:\/\/stampcurio.com\/hu\/wp-json\/wp\/v2\/product_tag?post=19784"}],"curies":[{"name":"wp","href":"https:\/\/api.w.org\/{rel}","templated":true}]}}