{"id":19777,"date":"2024-12-05T21:00:52","date_gmt":"2024-12-05T20:00:52","guid":{"rendered":"https:\/\/stampcurio.com\/product\/sc-24-3214\/"},"modified":"2025-12-05T04:05:24","modified_gmt":"2025-12-05T03:05:24","slug":"1900-magyarorszag-turul-10-filler-ertekszam-nelkul-csillag-vizjellel","status":"publish","type":"product","link":"https:\/\/stampcurio.com\/hu\/termek\/1900-magyarorszag-turul-10-filler-ertekszam-nelkul-csillag-vizjellel\/","title":{"rendered":"1900 Magyarorsz\u00e1g &#8211; Turul 10 fill\u00e9r \u00e9rt\u00e9ksz\u00e1m n\u00e9lk\u00fcl &#8211; csillag v\u00edzjellel"},"content":{"rendered":"","protected":false},"excerpt":{"rendered":"","protected":false},"featured_media":19775,"template":"","meta":[],"product_brand":[],"product_cat":[1172],"product_tag":[1664,116,176,217,1006],"class_list":{"0":"post-19777","1":"product","2":"type-product","3":"status-publish","4":"has-post-thumbnail","6":"product_cat-magyarorszag","7":"product_tag-2nd-auction-hu","8":"product_tag-belyeg","9":"product_tag-philagem","10":"product_tag-tevnyomat","11":"product_tag-unsold","13":"first","14":"outofstock","15":"sold-individually","16":"shipping-taxable","17":"product-type-simple"},"_links":{"self":[{"href":"https:\/\/stampcurio.com\/hu\/wp-json\/wp\/v2\/product\/19777","targetHints":{"allow":["GET"]}}],"collection":[{"href":"https:\/\/stampcurio.com\/hu\/wp-json\/wp\/v2\/product"}],"about":[{"href":"https:\/\/stampcurio.com\/hu\/wp-json\/wp\/v2\/types\/product"}],"wp:featuredmedia":[{"embeddable":true,"href":"https:\/\/stampcurio.com\/hu\/wp-json\/wp\/v2\/media\/19775"}],"wp:attachment":[{"href":"https:\/\/stampcurio.com\/hu\/wp-json\/wp\/v2\/media?parent=19777"}],"wp:term":[{"taxonomy":"product_brand","embeddable":true,"href":"https:\/\/stampcurio.com\/hu\/wp-json\/wp\/v2\/product_brand?post=19777"},{"taxonomy":"product_cat","embeddable":true,"href":"https:\/\/stampcurio.com\/hu\/wp-json\/wp\/v2\/product_cat?post=19777"},{"taxonomy":"product_tag","embeddable":true,"href":"https:\/\/stampcurio.com\/hu\/wp-json\/wp\/v2\/product_tag?post=19777"}],"curies":[{"name":"wp","href":"https:\/\/api.w.org\/{rel}","templated":true}]}}