{"id":19763,"date":"2024-12-05T20:59:59","date_gmt":"2024-12-05T19:59:59","guid":{"rendered":"https:\/\/stampcurio.com\/product\/sc-24-3198\/"},"modified":"2025-12-05T04:05:24","modified_gmt":"2025-12-05T03:05:24","slug":"1862-baden-3-kr-portobelyeg-postatiszta-hatostomb-benne-a-26-ivhelyen-levo-ismert-markz-tevnyomat","status":"publish","type":"product","link":"https:\/\/stampcurio.com\/hu\/termek\/1862-baden-3-kr-portobelyeg-postatiszta-hatostomb-benne-a-26-ivhelyen-levo-ismert-markz-tevnyomat\/","title":{"rendered":"1862 Baden \u2013 3 kr port\u00f3b\u00e9lyeg postatiszta * \/ **  hatost\u00f6mb benne a 26. \u00edvhelyen l\u00e9v\u0151 ismert MARKZ t\u00e9vnyomat"},"content":{"rendered":"","protected":false},"excerpt":{"rendered":"","protected":false},"featured_media":19761,"template":"","meta":[],"product_brand":[],"product_cat":[1175],"product_tag":[1664,116,108,217],"class_list":{"0":"post-19763","1":"product","2":"type-product","3":"status-publish","4":"has-post-thumbnail","6":"product_cat-nemetorszag","7":"product_tag-2nd-auction-hu","8":"product_tag-belyeg","9":"product_tag-porto","10":"product_tag-tevnyomat","12":"first","13":"outofstock","14":"sold-individually","15":"shipping-taxable","16":"product-type-simple"},"_links":{"self":[{"href":"https:\/\/stampcurio.com\/hu\/wp-json\/wp\/v2\/product\/19763","targetHints":{"allow":["GET"]}}],"collection":[{"href":"https:\/\/stampcurio.com\/hu\/wp-json\/wp\/v2\/product"}],"about":[{"href":"https:\/\/stampcurio.com\/hu\/wp-json\/wp\/v2\/types\/product"}],"wp:featuredmedia":[{"embeddable":true,"href":"https:\/\/stampcurio.com\/hu\/wp-json\/wp\/v2\/media\/19761"}],"wp:attachment":[{"href":"https:\/\/stampcurio.com\/hu\/wp-json\/wp\/v2\/media?parent=19763"}],"wp:term":[{"taxonomy":"product_brand","embeddable":true,"href":"https:\/\/stampcurio.com\/hu\/wp-json\/wp\/v2\/product_brand?post=19763"},{"taxonomy":"product_cat","embeddable":true,"href":"https:\/\/stampcurio.com\/hu\/wp-json\/wp\/v2\/product_cat?post=19763"},{"taxonomy":"product_tag","embeddable":true,"href":"https:\/\/stampcurio.com\/hu\/wp-json\/wp\/v2\/product_tag?post=19763"}],"curies":[{"name":"wp","href":"https:\/\/api.w.org\/{rel}","templated":true}]}}