{"id":19758,"date":"2024-12-05T20:59:42","date_gmt":"2024-12-05T19:59:42","guid":{"rendered":"https:\/\/stampcurio.com\/product\/sc-24-3188\/"},"modified":"2025-12-05T04:05:25","modified_gmt":"2025-12-05T03:05:25","slug":"1909-magyarorszag-turul-5-korona-postatiszta-vagott-ivszeli-negyestomb","status":"publish","type":"product","link":"https:\/\/stampcurio.com\/hu\/termek\/1909-magyarorszag-turul-5-korona-postatiszta-vagott-ivszeli-negyestomb\/","title":{"rendered":"1909 Magyarorsz\u00e1g &#8211; Turul 5 Korona postatiszta ** v\u00e1gott \u00edvsz\u00e9li n\u00e9gyest\u00f6mb"},"content":{"rendered":"","protected":false},"excerpt":{"rendered":"","protected":false},"featured_media":19756,"template":"","meta":[],"product_brand":[],"product_cat":[1172],"product_tag":[1664,116,176,1006],"class_list":{"0":"post-19758","1":"product","2":"type-product","3":"status-publish","4":"has-post-thumbnail","6":"product_cat-magyarorszag","7":"product_tag-2nd-auction-hu","8":"product_tag-belyeg","9":"product_tag-philagem","10":"product_tag-unsold","12":"first","13":"outofstock","14":"sold-individually","15":"shipping-taxable","16":"product-type-simple"},"_links":{"self":[{"href":"https:\/\/stampcurio.com\/hu\/wp-json\/wp\/v2\/product\/19758","targetHints":{"allow":["GET"]}}],"collection":[{"href":"https:\/\/stampcurio.com\/hu\/wp-json\/wp\/v2\/product"}],"about":[{"href":"https:\/\/stampcurio.com\/hu\/wp-json\/wp\/v2\/types\/product"}],"wp:featuredmedia":[{"embeddable":true,"href":"https:\/\/stampcurio.com\/hu\/wp-json\/wp\/v2\/media\/19756"}],"wp:attachment":[{"href":"https:\/\/stampcurio.com\/hu\/wp-json\/wp\/v2\/media?parent=19758"}],"wp:term":[{"taxonomy":"product_brand","embeddable":true,"href":"https:\/\/stampcurio.com\/hu\/wp-json\/wp\/v2\/product_brand?post=19758"},{"taxonomy":"product_cat","embeddable":true,"href":"https:\/\/stampcurio.com\/hu\/wp-json\/wp\/v2\/product_cat?post=19758"},{"taxonomy":"product_tag","embeddable":true,"href":"https:\/\/stampcurio.com\/hu\/wp-json\/wp\/v2\/product_tag?post=19758"}],"curies":[{"name":"wp","href":"https:\/\/api.w.org\/{rel}","templated":true}]}}