{"id":19492,"date":"2024-12-05T01:34:39","date_gmt":"2024-12-05T00:34:39","guid":{"rendered":"https:\/\/stampcurio.com\/product\/sc-24-3792\/"},"modified":"2025-12-05T04:05:25","modified_gmt":"2025-12-05T03:05:25","slug":"1920-fiume-veglia-felulnyomasu-sor-hivatalos-karton-emlek-fuzetben-a-10c-sarka-serult-martinas-1500-eur","status":"publish","type":"product","link":"https:\/\/stampcurio.com\/hu\/termek\/1920-fiume-veglia-felulnyomasu-sor-hivatalos-karton-emlek-fuzetben-a-10c-sarka-serult-martinas-1500-eur\/","title":{"rendered":"1920 Fiume &#8211; VEGLIA fel\u00fclnyom\u00e1s\u00fa sor hivatalos karton eml\u00e9k f\u00fczetben &#8211; a 10C sarka s\u00e9r\u00fclt &#8211; Martinas: 1500 EUR"},"content":{"rendered":"","protected":false},"excerpt":{"rendered":"","protected":false},"featured_media":19490,"template":"","meta":[],"product_brand":[],"product_cat":[1275,1192],"product_tag":[1664,116,1041,89],"class_list":{"0":"post-19492","1":"product","2":"type-product","3":"status-publish","4":"has-post-thumbnail","6":"product_cat-fiume","7":"product_cat-horvatorszag","8":"product_tag-2nd-auction-hu","9":"product_tag-belyeg","10":"product_tag-marcophily-hu","11":"product_tag-postatortenet","13":"first","14":"outofstock","15":"sold-individually","16":"shipping-taxable","17":"product-type-simple"},"_links":{"self":[{"href":"https:\/\/stampcurio.com\/hu\/wp-json\/wp\/v2\/product\/19492","targetHints":{"allow":["GET"]}}],"collection":[{"href":"https:\/\/stampcurio.com\/hu\/wp-json\/wp\/v2\/product"}],"about":[{"href":"https:\/\/stampcurio.com\/hu\/wp-json\/wp\/v2\/types\/product"}],"wp:featuredmedia":[{"embeddable":true,"href":"https:\/\/stampcurio.com\/hu\/wp-json\/wp\/v2\/media\/19490"}],"wp:attachment":[{"href":"https:\/\/stampcurio.com\/hu\/wp-json\/wp\/v2\/media?parent=19492"}],"wp:term":[{"taxonomy":"product_brand","embeddable":true,"href":"https:\/\/stampcurio.com\/hu\/wp-json\/wp\/v2\/product_brand?post=19492"},{"taxonomy":"product_cat","embeddable":true,"href":"https:\/\/stampcurio.com\/hu\/wp-json\/wp\/v2\/product_cat?post=19492"},{"taxonomy":"product_tag","embeddable":true,"href":"https:\/\/stampcurio.com\/hu\/wp-json\/wp\/v2\/product_tag?post=19492"}],"curies":[{"name":"wp","href":"https:\/\/api.w.org\/{rel}","templated":true}]}}