{"id":1918,"date":"2023-11-10T15:10:35","date_gmt":"2023-11-10T14:10:35","guid":{"rendered":"http:\/\/stampcurio.com\/?post_type=product&#038;p=1918"},"modified":"2025-12-05T04:13:32","modified_gmt":"2025-12-05T03:13:32","slug":"1948-postatiszta-szakszervezet-kisiv-eredeti-xvii-szakszervezeti-konresszusi-ajandekozasi-tokban","status":"publish","type":"product","link":"https:\/\/stampcurio.com\/hu\/termek\/1948-postatiszta-szakszervezet-kisiv-eredeti-xvii-szakszervezeti-konresszusi-ajandekozasi-tokban\/","title":{"rendered":"1948 postatiszta ** SZAKSZERVEZET kis\u00edv eredeti XVII. szakszervezeti konresszusi aj\u00e1nd\u00e9koz\u00e1si tokban"},"content":{"rendered":"","protected":false},"excerpt":{"rendered":"<p>A kis\u00edv celof\u00e1n tokban van. Ritk\u00e1n l\u00e1that\u00f3 darab.<\/p>\n","protected":false},"featured_media":11088,"template":"","meta":[],"product_brand":[],"product_cat":[73],"product_tag":[1044,116,235],"class_list":{"0":"post-1918","1":"product","2":"type-product","3":"status-publish","4":"has-post-thumbnail","6":"product_cat-magyarorszag-1st","7":"product_tag-1st-auction-hu","8":"product_tag-belyeg","9":"product_tag-belyegfuzet","10":"pa_catalog_id-237","12":"first","13":"instock","14":"sold-individually","15":"shipping-taxable","16":"product-type-simple"},"_links":{"self":[{"href":"https:\/\/stampcurio.com\/hu\/wp-json\/wp\/v2\/product\/1918","targetHints":{"allow":["GET"]}}],"collection":[{"href":"https:\/\/stampcurio.com\/hu\/wp-json\/wp\/v2\/product"}],"about":[{"href":"https:\/\/stampcurio.com\/hu\/wp-json\/wp\/v2\/types\/product"}],"wp:featuredmedia":[{"embeddable":true,"href":"https:\/\/stampcurio.com\/hu\/wp-json\/wp\/v2\/media\/11088"}],"wp:attachment":[{"href":"https:\/\/stampcurio.com\/hu\/wp-json\/wp\/v2\/media?parent=1918"}],"wp:term":[{"taxonomy":"product_brand","embeddable":true,"href":"https:\/\/stampcurio.com\/hu\/wp-json\/wp\/v2\/product_brand?post=1918"},{"taxonomy":"product_cat","embeddable":true,"href":"https:\/\/stampcurio.com\/hu\/wp-json\/wp\/v2\/product_cat?post=1918"},{"taxonomy":"product_tag","embeddable":true,"href":"https:\/\/stampcurio.com\/hu\/wp-json\/wp\/v2\/product_tag?post=1918"}],"curies":[{"name":"wp","href":"https:\/\/api.w.org\/{rel}","templated":true}]}}