{"id":1915,"date":"2023-11-10T14:43:43","date_gmt":"2023-11-10T13:43:43","guid":{"rendered":"http:\/\/stampcurio.com\/?post_type=product&#038;p=1915"},"modified":"2025-12-05T04:13:33","modified_gmt":"2025-12-05T03:13:33","slug":"1945-marcius-9-kalocsan-feladott-levelezolap-provizorikusan-hasznalt-postai-fobelyegzovel-es-gumi-datum-belyegzessel-cenzura","status":"publish","type":"product","link":"https:\/\/stampcurio.com\/hu\/termek\/1945-marcius-9-kalocsan-feladott-levelezolap-provizorikusan-hasznalt-postai-fobelyegzovel-es-gumi-datum-belyegzessel-cenzura\/","title":{"rendered":"1945. m\u00e1rcius 9. Kalocs\u00e1n feladott levelez\u0151lap proviz\u00f3rikusan haszn\u00e1lt postai f\u0151b\u00e9lyegz\u0151vel \u00e9s gumi d\u00e1tum b\u00e9lyegz\u00e9ssel + cenz\u00fara"},"content":{"rendered":"","protected":false},"excerpt":{"rendered":"","protected":false},"featured_media":11090,"template":"","meta":[],"product_brand":[],"product_cat":[73],"product_tag":[279,1044,233,97,67,89,256],"class_list":{"0":"post-1915","1":"product","2":"type-product","3":"status-publish","4":"has-post-thumbnail","6":"product_cat-magyarorszag-1st","7":"product_tag-1944-45","8":"product_tag-1st-auction-hu","9":"product_tag-cenzura","10":"product_tag-kepeslap","11":"product_tag-marcofilatelia","12":"product_tag-postatortenet","13":"product_tag-provizorium","14":"pa_catalog_id-232","16":"first","17":"instock","18":"sold-individually","19":"shipping-taxable","20":"product-type-simple"},"_links":{"self":[{"href":"https:\/\/stampcurio.com\/hu\/wp-json\/wp\/v2\/product\/1915","targetHints":{"allow":["GET"]}}],"collection":[{"href":"https:\/\/stampcurio.com\/hu\/wp-json\/wp\/v2\/product"}],"about":[{"href":"https:\/\/stampcurio.com\/hu\/wp-json\/wp\/v2\/types\/product"}],"wp:featuredmedia":[{"embeddable":true,"href":"https:\/\/stampcurio.com\/hu\/wp-json\/wp\/v2\/media\/11090"}],"wp:attachment":[{"href":"https:\/\/stampcurio.com\/hu\/wp-json\/wp\/v2\/media?parent=1915"}],"wp:term":[{"taxonomy":"product_brand","embeddable":true,"href":"https:\/\/stampcurio.com\/hu\/wp-json\/wp\/v2\/product_brand?post=1915"},{"taxonomy":"product_cat","embeddable":true,"href":"https:\/\/stampcurio.com\/hu\/wp-json\/wp\/v2\/product_cat?post=1915"},{"taxonomy":"product_tag","embeddable":true,"href":"https:\/\/stampcurio.com\/hu\/wp-json\/wp\/v2\/product_tag?post=1915"}],"curies":[{"name":"wp","href":"https:\/\/api.w.org\/{rel}","templated":true}]}}