{"id":1910,"date":"2023-11-10T14:37:55","date_gmt":"2023-11-10T13:37:55","guid":{"rendered":"http:\/\/stampcurio.com\/?post_type=product&#038;p=1910"},"modified":"2025-12-05T04:13:33","modified_gmt":"2025-12-05T03:13:33","slug":"1924-06-06-ajanlott-hivatalos-boritek-2000k-250k-belyegekkel-hatoldalon-perfin-levelzaroval","status":"publish","type":"product","link":"https:\/\/stampcurio.com\/hu\/termek\/1924-06-06-ajanlott-hivatalos-boritek-2000k-250k-belyegekkel-hatoldalon-perfin-levelzaroval\/","title":{"rendered":"1924.06.06. aj\u00e1nlott hivatalos bor\u00edt\u00e9k 2000K\/250K b\u00e9lyegekkel, h\u00e1toldalon perfin lev\u00e9lz\u00e1r\u00f3val"},"content":{"rendered":"","protected":false},"excerpt":{"rendered":"","protected":false},"featured_media":1607,"template":"","meta":[],"product_brand":[],"product_cat":[73],"product_tag":[1044,194,230,89],"class_list":{"0":"post-1910","1":"product","2":"type-product","3":"status-publish","4":"has-post-thumbnail","6":"product_cat-magyarorszag-1st","7":"product_tag-1st-auction-hu","8":"product_tag-levelzaro","9":"product_tag-perfin","10":"product_tag-postatortenet","11":"pa_catalog_id-229","13":"first","14":"instock","15":"sold-individually","16":"shipping-taxable","17":"product-type-simple"},"_links":{"self":[{"href":"https:\/\/stampcurio.com\/hu\/wp-json\/wp\/v2\/product\/1910","targetHints":{"allow":["GET"]}}],"collection":[{"href":"https:\/\/stampcurio.com\/hu\/wp-json\/wp\/v2\/product"}],"about":[{"href":"https:\/\/stampcurio.com\/hu\/wp-json\/wp\/v2\/types\/product"}],"wp:featuredmedia":[{"embeddable":true,"href":"https:\/\/stampcurio.com\/hu\/wp-json\/wp\/v2\/media\/1607"}],"wp:attachment":[{"href":"https:\/\/stampcurio.com\/hu\/wp-json\/wp\/v2\/media?parent=1910"}],"wp:term":[{"taxonomy":"product_brand","embeddable":true,"href":"https:\/\/stampcurio.com\/hu\/wp-json\/wp\/v2\/product_brand?post=1910"},{"taxonomy":"product_cat","embeddable":true,"href":"https:\/\/stampcurio.com\/hu\/wp-json\/wp\/v2\/product_cat?post=1910"},{"taxonomy":"product_tag","embeddable":true,"href":"https:\/\/stampcurio.com\/hu\/wp-json\/wp\/v2\/product_tag?post=1910"}],"curies":[{"name":"wp","href":"https:\/\/api.w.org\/{rel}","templated":true}]}}