{"id":1908,"date":"2023-11-10T14:25:55","date_gmt":"2023-11-10T13:25:55","guid":{"rendered":"http:\/\/stampcurio.com\/?post_type=product&#038;p=1908"},"modified":"2025-12-05T04:13:34","modified_gmt":"2025-12-05T03:13:34","slug":"1890-helgoland-kepeslap-erdelybe-kuldve-ritka-desztinacio","status":"publish","type":"product","link":"https:\/\/stampcurio.com\/hu\/termek\/1890-helgoland-kepeslap-erdelybe-kuldve-ritka-desztinacio\/","title":{"rendered":"1890 Helgoland k\u00e9peslap Erd\u00e9lybe k\u00fcldve &#8211; ritka desztin\u00e1ci\u00f3"},"content":{"rendered":"","protected":false},"excerpt":{"rendered":"","protected":false},"featured_media":1616,"template":"","meta":[],"product_brand":[],"product_cat":[180,73,113,105],"product_tag":[1044,97,89],"class_list":{"0":"post-1908","1":"product","2":"type-product","3":"status-publish","4":"has-post-thumbnail","6":"product_cat-egyesult-kiralysag-1st","7":"product_cat-magyarorszag-1st","8":"product_cat-nemetorszag-1st","9":"product_cat-romania-1st","10":"product_tag-1st-auction-hu","11":"product_tag-kepeslap","12":"product_tag-postatortenet","13":"pa_catalog_id-228","15":"first","16":"instock","17":"sold-individually","18":"shipping-taxable","19":"product-type-simple"},"_links":{"self":[{"href":"https:\/\/stampcurio.com\/hu\/wp-json\/wp\/v2\/product\/1908","targetHints":{"allow":["GET"]}}],"collection":[{"href":"https:\/\/stampcurio.com\/hu\/wp-json\/wp\/v2\/product"}],"about":[{"href":"https:\/\/stampcurio.com\/hu\/wp-json\/wp\/v2\/types\/product"}],"wp:featuredmedia":[{"embeddable":true,"href":"https:\/\/stampcurio.com\/hu\/wp-json\/wp\/v2\/media\/1616"}],"wp:attachment":[{"href":"https:\/\/stampcurio.com\/hu\/wp-json\/wp\/v2\/media?parent=1908"}],"wp:term":[{"taxonomy":"product_brand","embeddable":true,"href":"https:\/\/stampcurio.com\/hu\/wp-json\/wp\/v2\/product_brand?post=1908"},{"taxonomy":"product_cat","embeddable":true,"href":"https:\/\/stampcurio.com\/hu\/wp-json\/wp\/v2\/product_cat?post=1908"},{"taxonomy":"product_tag","embeddable":true,"href":"https:\/\/stampcurio.com\/hu\/wp-json\/wp\/v2\/product_tag?post=1908"}],"curies":[{"name":"wp","href":"https:\/\/api.w.org\/{rel}","templated":true}]}}