{"id":1906,"date":"2023-11-10T14:17:07","date_gmt":"2023-11-10T13:17:07","guid":{"rendered":"http:\/\/stampcurio.com\/?post_type=product&#038;p=1906"},"modified":"2025-12-05T04:13:34","modified_gmt":"2025-12-05T03:13:34","slug":"1927-kuba-szallitolevel-ket-csomagrol-magyrorszagra-kuldve-196-bermentesitessel-ritka-desztinacio","status":"publish","type":"product","link":"https:\/\/stampcurio.com\/hu\/termek\/1927-kuba-szallitolevel-ket-csomagrol-magyrorszagra-kuldve-196-bermentesitessel-ritka-desztinacio\/","title":{"rendered":"1927 Kuba sz\u00e1ll\u00edt\u00f3lev\u00e9l k\u00e9t csomagr\u00f3l Magyrorsz\u00e1gra k\u00fcldve 1,96$ b\u00e9rmentes\u00edt\u00e9ssel, ritka desztin\u00e1ci\u00f3"},"content":{"rendered":"","protected":false},"excerpt":{"rendered":"","protected":false},"featured_media":11081,"template":"","meta":[],"product_brand":[],"product_cat":[226,73],"product_tag":[1044,1008,176,89,157],"class_list":{"0":"post-1906","1":"product","2":"type-product","3":"status-publish","4":"has-post-thumbnail","6":"product_cat-kuba-1st","7":"product_cat-magyarorszag-1st","8":"product_tag-1st-auction-hu","9":"product_tag-ebay","10":"product_tag-philagem","11":"product_tag-postatortenet","12":"product_tag-szallitolevel","13":"pa_catalog_id-225","15":"first","16":"instock","17":"sold-individually","18":"shipping-taxable","19":"product-type-simple"},"_links":{"self":[{"href":"https:\/\/stampcurio.com\/hu\/wp-json\/wp\/v2\/product\/1906","targetHints":{"allow":["GET"]}}],"collection":[{"href":"https:\/\/stampcurio.com\/hu\/wp-json\/wp\/v2\/product"}],"about":[{"href":"https:\/\/stampcurio.com\/hu\/wp-json\/wp\/v2\/types\/product"}],"wp:featuredmedia":[{"embeddable":true,"href":"https:\/\/stampcurio.com\/hu\/wp-json\/wp\/v2\/media\/11081"}],"wp:attachment":[{"href":"https:\/\/stampcurio.com\/hu\/wp-json\/wp\/v2\/media?parent=1906"}],"wp:term":[{"taxonomy":"product_brand","embeddable":true,"href":"https:\/\/stampcurio.com\/hu\/wp-json\/wp\/v2\/product_brand?post=1906"},{"taxonomy":"product_cat","embeddable":true,"href":"https:\/\/stampcurio.com\/hu\/wp-json\/wp\/v2\/product_cat?post=1906"},{"taxonomy":"product_tag","embeddable":true,"href":"https:\/\/stampcurio.com\/hu\/wp-json\/wp\/v2\/product_tag?post=1906"}],"curies":[{"name":"wp","href":"https:\/\/api.w.org\/{rel}","templated":true}]}}