{"id":1903,"date":"2023-11-10T14:10:47","date_gmt":"2023-11-10T13:10:47","guid":{"rendered":"http:\/\/stampcurio.com\/?post_type=product&#038;p=1903"},"modified":"2025-12-05T04:13:34","modified_gmt":"2025-12-05T03:13:34","slug":"1919-shs-han-kumpanija-vitez-ertekbiztositott-szallitolevel-betet-csomagrol-b-ragjeggyel-elcsuszott-drzava-shs-felulnyomas","status":"publish","type":"product","link":"https:\/\/stampcurio.com\/hu\/termek\/1919-shs-han-kumpanija-vitez-ertekbiztositott-szallitolevel-betet-csomagrol-b-ragjeggyel-elcsuszott-drzava-shs-felulnyomas\/","title":{"rendered":"1919 SHS HAN KUMPANIJA VITEZ \u00e9rt\u00e9kbiztos\u00edtott sz\u00e1ll\u00edt\u00f3lev\u00e9l bet\u00e9t csomagr\u00f3l B ragjeggyel + elcs\u00faszott DRZAVA SHS fel\u00fclnyom\u00e1s"},"content":{"rendered":"","protected":false},"excerpt":{"rendered":"","protected":false},"featured_media":11074,"template":"","meta":[],"product_brand":[],"product_cat":[60,222,78,73,135,402],"product_tag":[1044,67,89,157,208,217],"class_list":{"0":"post-1903","1":"product","2":"type-product","3":"status-publish","4":"has-post-thumbnail","6":"product_cat-ausztria-1st","7":"product_cat-bosznia-hercegovina-1st","8":"product_cat-horvatorszag-1st","9":"product_cat-magyarorszag-1st","10":"product_cat-szerbia-1st","11":"product_cat-szlovenia-1st","12":"product_tag-1st-auction-hu","13":"product_tag-marcofilatelia","14":"product_tag-postatortenet","15":"product_tag-szallitolevel","16":"product_tag-tabori-posta","17":"product_tag-tevnyomat","18":"pa_catalog_id-220","20":"first","21":"instock","22":"sold-individually","23":"shipping-taxable","24":"product-type-simple"},"_links":{"self":[{"href":"https:\/\/stampcurio.com\/hu\/wp-json\/wp\/v2\/product\/1903","targetHints":{"allow":["GET"]}}],"collection":[{"href":"https:\/\/stampcurio.com\/hu\/wp-json\/wp\/v2\/product"}],"about":[{"href":"https:\/\/stampcurio.com\/hu\/wp-json\/wp\/v2\/types\/product"}],"wp:featuredmedia":[{"embeddable":true,"href":"https:\/\/stampcurio.com\/hu\/wp-json\/wp\/v2\/media\/11074"}],"wp:attachment":[{"href":"https:\/\/stampcurio.com\/hu\/wp-json\/wp\/v2\/media?parent=1903"}],"wp:term":[{"taxonomy":"product_brand","embeddable":true,"href":"https:\/\/stampcurio.com\/hu\/wp-json\/wp\/v2\/product_brand?post=1903"},{"taxonomy":"product_cat","embeddable":true,"href":"https:\/\/stampcurio.com\/hu\/wp-json\/wp\/v2\/product_cat?post=1903"},{"taxonomy":"product_tag","embeddable":true,"href":"https:\/\/stampcurio.com\/hu\/wp-json\/wp\/v2\/product_tag?post=1903"}],"curies":[{"name":"wp","href":"https:\/\/api.w.org\/{rel}","templated":true}]}}