{"id":1901,"date":"2023-11-10T14:00:59","date_gmt":"2023-11-10T13:00:59","guid":{"rendered":"http:\/\/stampcurio.com\/?post_type=product&#038;p=1901"},"modified":"2025-12-05T04:13:35","modified_gmt":"2025-12-05T03:13:35","slug":"1900-richter-boritek-m-kir-kozponti-tavirda-muszaki-osztaly-belyegzessel","status":"publish","type":"product","link":"https:\/\/stampcurio.com\/hu\/termek\/1900-richter-boritek-m-kir-kozponti-tavirda-muszaki-osztaly-belyegzessel\/","title":{"rendered":"1900 Richter bor\u00edt\u00e9k M.KIR. K\u00d6ZPONTI&#8230; T\u00c1VIRDA M\u0170SZAKI OSZT\u00c1LY b\u00e9lyegz\u00e9ssel"},"content":{"rendered":"","protected":false},"excerpt":{"rendered":"","protected":false},"featured_media":11071,"template":"","meta":[],"product_brand":[],"product_cat":[73],"product_tag":[1044,67],"class_list":{"0":"post-1901","1":"product","2":"type-product","3":"status-publish","4":"has-post-thumbnail","6":"product_cat-magyarorszag-1st","7":"product_tag-1st-auction-hu","8":"product_tag-marcofilatelia","9":"pa_catalog_id-219","11":"first","12":"instock","13":"sold-individually","14":"shipping-taxable","15":"product-type-simple"},"_links":{"self":[{"href":"https:\/\/stampcurio.com\/hu\/wp-json\/wp\/v2\/product\/1901","targetHints":{"allow":["GET"]}}],"collection":[{"href":"https:\/\/stampcurio.com\/hu\/wp-json\/wp\/v2\/product"}],"about":[{"href":"https:\/\/stampcurio.com\/hu\/wp-json\/wp\/v2\/types\/product"}],"wp:featuredmedia":[{"embeddable":true,"href":"https:\/\/stampcurio.com\/hu\/wp-json\/wp\/v2\/media\/11071"}],"wp:attachment":[{"href":"https:\/\/stampcurio.com\/hu\/wp-json\/wp\/v2\/media?parent=1901"}],"wp:term":[{"taxonomy":"product_brand","embeddable":true,"href":"https:\/\/stampcurio.com\/hu\/wp-json\/wp\/v2\/product_brand?post=1901"},{"taxonomy":"product_cat","embeddable":true,"href":"https:\/\/stampcurio.com\/hu\/wp-json\/wp\/v2\/product_cat?post=1901"},{"taxonomy":"product_tag","embeddable":true,"href":"https:\/\/stampcurio.com\/hu\/wp-json\/wp\/v2\/product_tag?post=1901"}],"curies":[{"name":"wp","href":"https:\/\/api.w.org\/{rel}","templated":true}]}}