{"id":1898,"date":"2023-11-10T13:47:42","date_gmt":"2023-11-10T12:47:42","guid":{"rendered":"http:\/\/stampcurio.com\/?post_type=product&#038;p=1898"},"modified":"2025-12-05T04:13:36","modified_gmt":"2025-12-05T03:13:36","slug":"1956-salzburg-kepeslap-a-kuldemeny-megserult-a-gepi-belygzogep-hibajabol-felirattal","status":"publish","type":"product","link":"https:\/\/stampcurio.com\/hu\/termek\/1956-salzburg-kepeslap-a-kuldemeny-megserult-a-gepi-belygzogep-hibajabol-felirattal\/","title":{"rendered":"1956 Salzburg &#8211; k\u00e9peslap &#8220;A k\u00fcldem\u00e9ny megs\u00e9r\u00fclt a g\u00e9pi b\u00e9lygz\u0151g\u00e9p hib\u00e1j\u00e1b\u00f3l&#8221; felirattal"},"content":{"rendered":"","protected":false},"excerpt":{"rendered":"","protected":false},"featured_media":11065,"template":"","meta":[],"product_brand":[],"product_cat":[60],"product_tag":[1044,67,89],"class_list":{"0":"post-1898","1":"product","2":"type-product","3":"status-publish","4":"has-post-thumbnail","6":"product_cat-ausztria-1st","7":"product_tag-1st-auction-hu","8":"product_tag-marcofilatelia","9":"product_tag-postatortenet","10":"pa_catalog_id-215","12":"first","13":"instock","14":"sold-individually","15":"shipping-taxable","16":"product-type-simple"},"_links":{"self":[{"href":"https:\/\/stampcurio.com\/hu\/wp-json\/wp\/v2\/product\/1898","targetHints":{"allow":["GET"]}}],"collection":[{"href":"https:\/\/stampcurio.com\/hu\/wp-json\/wp\/v2\/product"}],"about":[{"href":"https:\/\/stampcurio.com\/hu\/wp-json\/wp\/v2\/types\/product"}],"wp:featuredmedia":[{"embeddable":true,"href":"https:\/\/stampcurio.com\/hu\/wp-json\/wp\/v2\/media\/11065"}],"wp:attachment":[{"href":"https:\/\/stampcurio.com\/hu\/wp-json\/wp\/v2\/media?parent=1898"}],"wp:term":[{"taxonomy":"product_brand","embeddable":true,"href":"https:\/\/stampcurio.com\/hu\/wp-json\/wp\/v2\/product_brand?post=1898"},{"taxonomy":"product_cat","embeddable":true,"href":"https:\/\/stampcurio.com\/hu\/wp-json\/wp\/v2\/product_cat?post=1898"},{"taxonomy":"product_tag","embeddable":true,"href":"https:\/\/stampcurio.com\/hu\/wp-json\/wp\/v2\/product_tag?post=1898"}],"curies":[{"name":"wp","href":"https:\/\/api.w.org\/{rel}","templated":true}]}}