{"id":1896,"date":"2023-11-10T13:39:45","date_gmt":"2023-11-10T12:39:45","guid":{"rendered":"http:\/\/stampcurio.com\/?post_type=product&#038;p=1896"},"modified":"2025-12-05T04:13:36","modified_gmt":"2025-12-05T03:13:36","slug":"1944-tabori-posta-szegedre-kuldve-postaforgalom-szunetel-belyegzessel","status":"publish","type":"product","link":"https:\/\/stampcurio.com\/hu\/termek\/1944-tabori-posta-szegedre-kuldve-postaforgalom-szunetel-belyegzessel\/","title":{"rendered":"1944. t\u00e1bori posta Szegedre k\u00fcldve &#8220;POSTAFORGALOM SZ\u00dcNETEL&#8221; b\u00e9lyegz\u00e9ssel"},"content":{"rendered":"","protected":false},"excerpt":{"rendered":"","protected":false},"featured_media":11062,"template":"","meta":[],"product_brand":[],"product_cat":[73],"product_tag":[1044,67,89,208],"class_list":{"0":"post-1896","1":"product","2":"type-product","3":"status-publish","4":"has-post-thumbnail","6":"product_cat-magyarorszag-1st","7":"product_tag-1st-auction-hu","8":"product_tag-marcofilatelia","9":"product_tag-postatortenet","10":"product_tag-tabori-posta","11":"pa_catalog_id-214","13":"first","14":"instock","15":"sold-individually","16":"shipping-taxable","17":"product-type-simple"},"_links":{"self":[{"href":"https:\/\/stampcurio.com\/hu\/wp-json\/wp\/v2\/product\/1896","targetHints":{"allow":["GET"]}}],"collection":[{"href":"https:\/\/stampcurio.com\/hu\/wp-json\/wp\/v2\/product"}],"about":[{"href":"https:\/\/stampcurio.com\/hu\/wp-json\/wp\/v2\/types\/product"}],"wp:featuredmedia":[{"embeddable":true,"href":"https:\/\/stampcurio.com\/hu\/wp-json\/wp\/v2\/media\/11062"}],"wp:attachment":[{"href":"https:\/\/stampcurio.com\/hu\/wp-json\/wp\/v2\/media?parent=1896"}],"wp:term":[{"taxonomy":"product_brand","embeddable":true,"href":"https:\/\/stampcurio.com\/hu\/wp-json\/wp\/v2\/product_brand?post=1896"},{"taxonomy":"product_cat","embeddable":true,"href":"https:\/\/stampcurio.com\/hu\/wp-json\/wp\/v2\/product_cat?post=1896"},{"taxonomy":"product_tag","embeddable":true,"href":"https:\/\/stampcurio.com\/hu\/wp-json\/wp\/v2\/product_tag?post=1896"}],"curies":[{"name":"wp","href":"https:\/\/api.w.org\/{rel}","templated":true}]}}