{"id":1892,"date":"2023-11-10T13:29:05","date_gmt":"2023-11-10T12:29:05","guid":{"rendered":"http:\/\/stampcurio.com\/?post_type=product&#038;p=1892"},"modified":"2025-12-05T04:13:36","modified_gmt":"2025-12-05T03:13:36","slug":"1945-aprilis-19-gyulan-feladott-boritek-debrecenbe-hatoldalon-bp-belyegzes-aprilis-24-provizorikus-kp-berentesites-belyegzes","status":"publish","type":"product","link":"https:\/\/stampcurio.com\/hu\/termek\/1945-aprilis-19-gyulan-feladott-boritek-debrecenbe-hatoldalon-bp-belyegzes-aprilis-24-provizorikus-kp-berentesites-belyegzes\/","title":{"rendered":"1945 \u00e1prilis 19. Gyul\u00e1n feladott bor\u00edt\u00e9k Debrecenbe &#8211; h\u00e1toldalon Bp. b\u00e9lyegz\u00e9s \u00e1prilis 24. + proviz\u00f3rikus kp. b\u00e9rentes\u00edt\u00e9s b\u00e9lyegz\u00e9s"},"content":{"rendered":"","protected":false},"excerpt":{"rendered":"<p>A gumib\u00e9lyegz\u0151be a 9-s egy ford\u00edtott 5-ssel lett helyettes\u00edtve.<\/p>\n","protected":false},"featured_media":11056,"template":"","meta":[],"product_brand":[],"product_cat":[73],"product_tag":[279,1044,67,89,256],"class_list":{"0":"post-1892","1":"product","2":"type-product","3":"status-publish","4":"has-post-thumbnail","6":"product_cat-magyarorszag-1st","7":"product_tag-1944-45","8":"product_tag-1st-auction-hu","9":"product_tag-marcofilatelia","10":"product_tag-postatortenet","11":"product_tag-provizorium","12":"pa_catalog_id-213","14":"first","15":"instock","16":"sold-individually","17":"shipping-taxable","18":"product-type-simple"},"_links":{"self":[{"href":"https:\/\/stampcurio.com\/hu\/wp-json\/wp\/v2\/product\/1892","targetHints":{"allow":["GET"]}}],"collection":[{"href":"https:\/\/stampcurio.com\/hu\/wp-json\/wp\/v2\/product"}],"about":[{"href":"https:\/\/stampcurio.com\/hu\/wp-json\/wp\/v2\/types\/product"}],"wp:featuredmedia":[{"embeddable":true,"href":"https:\/\/stampcurio.com\/hu\/wp-json\/wp\/v2\/media\/11056"}],"wp:attachment":[{"href":"https:\/\/stampcurio.com\/hu\/wp-json\/wp\/v2\/media?parent=1892"}],"wp:term":[{"taxonomy":"product_brand","embeddable":true,"href":"https:\/\/stampcurio.com\/hu\/wp-json\/wp\/v2\/product_brand?post=1892"},{"taxonomy":"product_cat","embeddable":true,"href":"https:\/\/stampcurio.com\/hu\/wp-json\/wp\/v2\/product_cat?post=1892"},{"taxonomy":"product_tag","embeddable":true,"href":"https:\/\/stampcurio.com\/hu\/wp-json\/wp\/v2\/product_tag?post=1892"}],"curies":[{"name":"wp","href":"https:\/\/api.w.org\/{rel}","templated":true}]}}