{"id":1884,"date":"2023-11-10T12:21:25","date_gmt":"2023-11-10T11:21:25","guid":{"rendered":"http:\/\/stampcurio.com\/?post_type=product&#038;p=1884"},"modified":"2025-12-05T04:13:38","modified_gmt":"2025-12-05T03:13:38","slug":"2013-coldland-dijjegyes-boritek-coldlandi-es-tajvani-belyegekkel-alvegyes-bermentesites","status":"publish","type":"product","link":"https:\/\/stampcurio.com\/hu\/termek\/2013-coldland-dijjegyes-boritek-coldlandi-es-tajvani-belyegekkel-alvegyes-bermentesites\/","title":{"rendered":"2013 Coldland d\u00edjjegyes bor\u00edt\u00e9k coldlandi \u00e9s tajvani b\u00e9lyegekkel \u00e1lvegyes b\u00e9rmentes\u00edt\u00e9s"},"content":{"rendered":"","protected":false},"excerpt":{"rendered":"<p>Coldlandi fant\u00e1zia kiad\u00e1s.<br \/>\nColdland c\u00edmere:<br \/>\n[caption id=\"attachment_1885\" align=\"alignnone\" width=\"300\"]<img loading=\"lazy\" decoding=\"async\" src=\"http:\/\/stampcurio.com\/wp-content\/uploads\/2023\/11\/coldland_coat-of-arms.jpg\" alt=\"\" width=\"300\" height=\"245\" class=\"size-full wp-image-1885\" \/> [\/caption]<\/p>\n","protected":false},"featured_media":11048,"template":"","meta":[],"product_brand":[],"product_cat":[202],"product_tag":[1044,203,74,89],"class_list":{"0":"post-1884","1":"product","2":"type-product","3":"status-publish","4":"has-post-thumbnail","6":"product_cat-tajvan-1st","7":"product_tag-1st-auction-hu","8":"product_tag-coldland","9":"product_tag-dijjegyes","10":"product_tag-postatortenet","11":"pa_catalog_id-201","13":"first","14":"instock","15":"sold-individually","16":"shipping-taxable","17":"product-type-simple"},"_links":{"self":[{"href":"https:\/\/stampcurio.com\/hu\/wp-json\/wp\/v2\/product\/1884","targetHints":{"allow":["GET"]}}],"collection":[{"href":"https:\/\/stampcurio.com\/hu\/wp-json\/wp\/v2\/product"}],"about":[{"href":"https:\/\/stampcurio.com\/hu\/wp-json\/wp\/v2\/types\/product"}],"wp:featuredmedia":[{"embeddable":true,"href":"https:\/\/stampcurio.com\/hu\/wp-json\/wp\/v2\/media\/11048"}],"wp:attachment":[{"href":"https:\/\/stampcurio.com\/hu\/wp-json\/wp\/v2\/media?parent=1884"}],"wp:term":[{"taxonomy":"product_brand","embeddable":true,"href":"https:\/\/stampcurio.com\/hu\/wp-json\/wp\/v2\/product_brand?post=1884"},{"taxonomy":"product_cat","embeddable":true,"href":"https:\/\/stampcurio.com\/hu\/wp-json\/wp\/v2\/product_cat?post=1884"},{"taxonomy":"product_tag","embeddable":true,"href":"https:\/\/stampcurio.com\/hu\/wp-json\/wp\/v2\/product_tag?post=1884"}],"curies":[{"name":"wp","href":"https:\/\/api.w.org\/{rel}","templated":true}]}}