{"id":1882,"date":"2023-11-10T12:14:25","date_gmt":"2023-11-10T11:14:25","guid":{"rendered":"http:\/\/stampcurio.com\/?post_type=product&#038;p=1882"},"modified":"2025-12-05T04:13:38","modified_gmt":"2025-12-05T03:13:38","slug":"1906-ausztria-pezsgos-uveg-nyak-folia-grazbol-postazva","status":"publish","type":"product","link":"https:\/\/stampcurio.com\/hu\/termek\/1906-ausztria-pezsgos-uveg-nyak-folia-grazbol-postazva\/","title":{"rendered":"1906 Ausztria pezsg\u0151s \u00fcveg nyak f\u00f3lia Grazb\u00f3l post\u00e1zva"},"content":{"rendered":"","protected":false},"excerpt":{"rendered":"","protected":false},"featured_media":11045,"template":"","meta":[],"product_brand":[],"product_cat":[60],"product_tag":[1044,89],"class_list":{"0":"post-1882","1":"product","2":"type-product","3":"status-publish","4":"has-post-thumbnail","6":"product_cat-ausztria-1st","7":"product_tag-1st-auction-hu","8":"product_tag-postatortenet","9":"pa_catalog_id-200","11":"first","12":"instock","13":"sold-individually","14":"shipping-taxable","15":"product-type-simple"},"_links":{"self":[{"href":"https:\/\/stampcurio.com\/hu\/wp-json\/wp\/v2\/product\/1882","targetHints":{"allow":["GET"]}}],"collection":[{"href":"https:\/\/stampcurio.com\/hu\/wp-json\/wp\/v2\/product"}],"about":[{"href":"https:\/\/stampcurio.com\/hu\/wp-json\/wp\/v2\/types\/product"}],"wp:featuredmedia":[{"embeddable":true,"href":"https:\/\/stampcurio.com\/hu\/wp-json\/wp\/v2\/media\/11045"}],"wp:attachment":[{"href":"https:\/\/stampcurio.com\/hu\/wp-json\/wp\/v2\/media?parent=1882"}],"wp:term":[{"taxonomy":"product_brand","embeddable":true,"href":"https:\/\/stampcurio.com\/hu\/wp-json\/wp\/v2\/product_brand?post=1882"},{"taxonomy":"product_cat","embeddable":true,"href":"https:\/\/stampcurio.com\/hu\/wp-json\/wp\/v2\/product_cat?post=1882"},{"taxonomy":"product_tag","embeddable":true,"href":"https:\/\/stampcurio.com\/hu\/wp-json\/wp\/v2\/product_tag?post=1882"}],"curies":[{"name":"wp","href":"https:\/\/api.w.org\/{rel}","templated":true}]}}