{"id":1880,"date":"2023-11-10T11:58:39","date_gmt":"2023-11-10T10:58:39","guid":{"rendered":"http:\/\/stampcurio.com\/?post_type=product&#038;p=1880"},"modified":"2025-12-05T04:13:39","modified_gmt":"2025-12-05T03:13:39","slug":"1861-hasznalt-dijjegyes-5-soldis-boritek-cegbelyegzovel-ferchenbauer-160-eur-ferchenbauer-szigno","status":"publish","type":"product","link":"https:\/\/stampcurio.com\/hu\/termek\/1861-hasznalt-dijjegyes-5-soldis-boritek-cegbelyegzovel-ferchenbauer-160-eur-ferchenbauer-szigno\/","title":{"rendered":"1861 haszn\u00e1lt d\u00edjjegyes 5 soldis bor\u00edt\u00e9k c\u00e9gb\u00e9lyegz\u0151vel &#8211; Ferchenbauer 160 EUR + Ferchenbauer szign\u00f3"},"content":{"rendered":"","protected":false},"excerpt":{"rendered":"","protected":false},"featured_media":11040,"template":"","meta":[],"product_brand":[],"product_cat":[60,86],"product_tag":[1044,74,1008,89],"class_list":{"0":"post-1880","1":"product","2":"type-product","3":"status-publish","4":"has-post-thumbnail","6":"product_cat-ausztria-1st","7":"product_cat-olaszorszag-1st","8":"product_tag-1st-auction-hu","9":"product_tag-dijjegyes","10":"product_tag-ebay","11":"product_tag-postatortenet","12":"pa_catalog_id-197","14":"first","15":"instock","16":"sold-individually","17":"shipping-taxable","18":"product-type-simple"},"_links":{"self":[{"href":"https:\/\/stampcurio.com\/hu\/wp-json\/wp\/v2\/product\/1880","targetHints":{"allow":["GET"]}}],"collection":[{"href":"https:\/\/stampcurio.com\/hu\/wp-json\/wp\/v2\/product"}],"about":[{"href":"https:\/\/stampcurio.com\/hu\/wp-json\/wp\/v2\/types\/product"}],"wp:featuredmedia":[{"embeddable":true,"href":"https:\/\/stampcurio.com\/hu\/wp-json\/wp\/v2\/media\/11040"}],"wp:attachment":[{"href":"https:\/\/stampcurio.com\/hu\/wp-json\/wp\/v2\/media?parent=1880"}],"wp:term":[{"taxonomy":"product_brand","embeddable":true,"href":"https:\/\/stampcurio.com\/hu\/wp-json\/wp\/v2\/product_brand?post=1880"},{"taxonomy":"product_cat","embeddable":true,"href":"https:\/\/stampcurio.com\/hu\/wp-json\/wp\/v2\/product_cat?post=1880"},{"taxonomy":"product_tag","embeddable":true,"href":"https:\/\/stampcurio.com\/hu\/wp-json\/wp\/v2\/product_tag?post=1880"}],"curies":[{"name":"wp","href":"https:\/\/api.w.org\/{rel}","templated":true}]}}