{"id":1878,"date":"2023-11-10T11:47:57","date_gmt":"2023-11-10T10:47:57","guid":{"rendered":"http:\/\/stampcurio.com\/?post_type=product&#038;p=1878"},"modified":"2025-12-05T04:13:39","modified_gmt":"2025-12-05T03:13:39","slug":"1911-alsomislyen-feladott-vicces-grafikus-cimzesu-boritek-levelzaroval-salankra-kuldve","status":"publish","type":"product","link":"https:\/\/stampcurio.com\/hu\/termek\/1911-alsomislyen-feladott-vicces-grafikus-cimzesu-boritek-levelzaroval-salankra-kuldve\/","title":{"rendered":"1911 Als\u00f3misly\u00e9n feladott vicces, grafikus c\u00edmz\u00e9s\u0171 bor\u00edt\u00e9k lev\u00e9lz\u00e1r\u00f3val Sal\u00e1nkra k\u00fcldve"},"content":{"rendered":"","protected":false},"excerpt":{"rendered":"<p>Sz\u00e9p, K\u00e1rp\u00e1talj\u00e1ra k\u00fcld\u00f6tt felvid\u00e9ki darab.<\/p>\n","protected":false},"featured_media":11034,"template":"","meta":[],"product_brand":[],"product_cat":[73,193,95],"product_tag":[1044,98,194,176,89],"class_list":{"0":"post-1878","1":"product","2":"type-product","3":"status-publish","4":"has-post-thumbnail","6":"product_cat-magyarorszag-1st","7":"product_cat-szlovakia-1st","8":"product_cat-ukrajna-1st","9":"product_tag-1st-auction-hu","10":"product_tag-karpatalja","11":"product_tag-levelzaro","12":"product_tag-philagem","13":"product_tag-postatortenet","14":"pa_catalog_id-191","16":"first","17":"instock","18":"sold-individually","19":"shipping-taxable","20":"product-type-simple"},"_links":{"self":[{"href":"https:\/\/stampcurio.com\/hu\/wp-json\/wp\/v2\/product\/1878","targetHints":{"allow":["GET"]}}],"collection":[{"href":"https:\/\/stampcurio.com\/hu\/wp-json\/wp\/v2\/product"}],"about":[{"href":"https:\/\/stampcurio.com\/hu\/wp-json\/wp\/v2\/types\/product"}],"wp:featuredmedia":[{"embeddable":true,"href":"https:\/\/stampcurio.com\/hu\/wp-json\/wp\/v2\/media\/11034"}],"wp:attachment":[{"href":"https:\/\/stampcurio.com\/hu\/wp-json\/wp\/v2\/media?parent=1878"}],"wp:term":[{"taxonomy":"product_brand","embeddable":true,"href":"https:\/\/stampcurio.com\/hu\/wp-json\/wp\/v2\/product_brand?post=1878"},{"taxonomy":"product_cat","embeddable":true,"href":"https:\/\/stampcurio.com\/hu\/wp-json\/wp\/v2\/product_cat?post=1878"},{"taxonomy":"product_tag","embeddable":true,"href":"https:\/\/stampcurio.com\/hu\/wp-json\/wp\/v2\/product_tag?post=1878"}],"curies":[{"name":"wp","href":"https:\/\/api.w.org\/{rel}","templated":true}]}}