{"id":18760,"date":"2024-12-05T00:49:24","date_gmt":"2024-12-04T23:49:24","guid":{"rendered":"https:\/\/stampcurio.com\/product\/sc-24-3614\/"},"modified":"2025-12-05T04:05:26","modified_gmt":"2025-12-05T03:05:26","slug":"1920-debrecen-ii-sorozat-postatiszta-20f-kreta-papiron-forditott-felulnyomattal-phu-38-eur","status":"publish","type":"product","link":"https:\/\/stampcurio.com\/hu\/termek\/1920-debrecen-ii-sorozat-postatiszta-20f-kreta-papiron-forditott-felulnyomattal-phu-38-eur\/","title":{"rendered":"1920 Debrecen &#8211; II. sorozat postatiszta * 20f kr\u00e9ta pap\u00edron ford\u00edtott fel\u00fclnyomattal Phu: 38 EUR"},"content":{"rendered":"","protected":false},"excerpt":{"rendered":"","protected":false},"featured_media":18758,"template":"","meta":[],"product_brand":[],"product_cat":[1172,1208],"product_tag":[1664,116,217],"class_list":{"0":"post-18760","1":"product","2":"type-product","3":"status-publish","4":"has-post-thumbnail","6":"product_cat-magyarorszag","7":"product_cat-romania","8":"product_tag-2nd-auction-hu","9":"product_tag-belyeg","10":"product_tag-tevnyomat","12":"first","13":"outofstock","14":"sold-individually","15":"shipping-taxable","16":"product-type-simple"},"_links":{"self":[{"href":"https:\/\/stampcurio.com\/hu\/wp-json\/wp\/v2\/product\/18760","targetHints":{"allow":["GET"]}}],"collection":[{"href":"https:\/\/stampcurio.com\/hu\/wp-json\/wp\/v2\/product"}],"about":[{"href":"https:\/\/stampcurio.com\/hu\/wp-json\/wp\/v2\/types\/product"}],"wp:featuredmedia":[{"embeddable":true,"href":"https:\/\/stampcurio.com\/hu\/wp-json\/wp\/v2\/media\/18758"}],"wp:attachment":[{"href":"https:\/\/stampcurio.com\/hu\/wp-json\/wp\/v2\/media?parent=18760"}],"wp:term":[{"taxonomy":"product_brand","embeddable":true,"href":"https:\/\/stampcurio.com\/hu\/wp-json\/wp\/v2\/product_brand?post=18760"},{"taxonomy":"product_cat","embeddable":true,"href":"https:\/\/stampcurio.com\/hu\/wp-json\/wp\/v2\/product_cat?post=18760"},{"taxonomy":"product_tag","embeddable":true,"href":"https:\/\/stampcurio.com\/hu\/wp-json\/wp\/v2\/product_tag?post=18760"}],"curies":[{"name":"wp","href":"https:\/\/api.w.org\/{rel}","templated":true}]}}