{"id":1875,"date":"2023-11-10T11:36:35","date_gmt":"2023-11-10T10:36:35","guid":{"rendered":"http:\/\/stampcurio.com\/?post_type=product&#038;p=1875"},"modified":"2025-12-05T04:13:39","modified_gmt":"2025-12-05T03:13:39","slug":"1918-karpatalja-dijjegyes-levelezesi-lap-a-orszagos-hadigondozo-hivatal-munkacsi-gyogyintezetenek-postabelyegzojevel","status":"publish","type":"product","link":"https:\/\/stampcurio.com\/hu\/termek\/1918-karpatalja-dijjegyes-levelezesi-lap-a-orszagos-hadigondozo-hivatal-munkacsi-gyogyintezetenek-postabelyegzojevel\/","title":{"rendered":"1918 K\u00e1rp\u00e1talja &#8211; d\u00edjjegyes levelez\u00e9si lap a Orsz\u00e1gos hadigondoz\u00f3 hivatal munk\u00e1csi gy\u00f3gyint\u00e9zet\u00e9nek POSTAB\u00c9LYEGZ\u0150j\u00e9vel"},"content":{"rendered":"","protected":false},"excerpt":{"rendered":"<p>Leb\u00e9lyegz\u00e9s ritkas\u00e1g.<\/p>\n","protected":false},"featured_media":11031,"template":"","meta":[],"product_brand":[],"product_cat":[73,95],"product_tag":[1044,74,1008,98,67],"class_list":{"0":"post-1875","1":"product","2":"type-product","3":"status-publish","4":"has-post-thumbnail","6":"product_cat-magyarorszag-1st","7":"product_cat-ukrajna-1st","8":"product_tag-1st-auction-hu","9":"product_tag-dijjegyes","10":"product_tag-ebay","11":"product_tag-karpatalja","12":"product_tag-marcofilatelia","13":"pa_catalog_id-190","15":"first","16":"instock","17":"sold-individually","18":"shipping-taxable","19":"product-type-simple"},"_links":{"self":[{"href":"https:\/\/stampcurio.com\/hu\/wp-json\/wp\/v2\/product\/1875","targetHints":{"allow":["GET"]}}],"collection":[{"href":"https:\/\/stampcurio.com\/hu\/wp-json\/wp\/v2\/product"}],"about":[{"href":"https:\/\/stampcurio.com\/hu\/wp-json\/wp\/v2\/types\/product"}],"wp:featuredmedia":[{"embeddable":true,"href":"https:\/\/stampcurio.com\/hu\/wp-json\/wp\/v2\/media\/11031"}],"wp:attachment":[{"href":"https:\/\/stampcurio.com\/hu\/wp-json\/wp\/v2\/media?parent=1875"}],"wp:term":[{"taxonomy":"product_brand","embeddable":true,"href":"https:\/\/stampcurio.com\/hu\/wp-json\/wp\/v2\/product_brand?post=1875"},{"taxonomy":"product_cat","embeddable":true,"href":"https:\/\/stampcurio.com\/hu\/wp-json\/wp\/v2\/product_cat?post=1875"},{"taxonomy":"product_tag","embeddable":true,"href":"https:\/\/stampcurio.com\/hu\/wp-json\/wp\/v2\/product_tag?post=1875"}],"curies":[{"name":"wp","href":"https:\/\/api.w.org\/{rel}","templated":true}]}}