{"id":1872,"date":"2023-11-10T11:25:20","date_gmt":"2023-11-10T10:25:20","guid":{"rendered":"http:\/\/stampcurio.com\/?post_type=product&#038;p=1872"},"modified":"2025-12-05T04:13:40","modified_gmt":"2025-12-05T03:13:40","slug":"1913-austria-levante-jeruzsalem-szallitolevel-magyarorszagra-kuldve-terjedelmes-5-kg-s-csomagrol","status":"publish","type":"product","link":"https:\/\/stampcurio.com\/hu\/termek\/1913-austria-levante-jeruzsalem-szallitolevel-magyarorszagra-kuldve-terjedelmes-5-kg-s-csomagrol\/","title":{"rendered":"1913 Austria Levante &#8211; Jeruzs\u00e1lem sz\u00e1ll\u00edt\u00f3lev\u00e9l Magyarorsz\u00e1gra k\u00fcldve &#8211; terjedelmes 5 kg-s csomagr\u00f3l"},"content":{"rendered":"","protected":false},"excerpt":{"rendered":"<p>A terjedelmes csomagok fel\u00e1ra +50%, \u00edgy teh\u00e1t a 7.20P tarifa helyes.<\/p>\n","protected":false},"featured_media":11028,"template":"","meta":[],"product_brand":[],"product_cat":[60,185,73],"product_tag":[1044,187,67,89,157],"class_list":{"0":"post-1872","1":"product","2":"type-product","3":"status-publish","4":"has-post-thumbnail","6":"product_cat-ausztria-1st","7":"product_cat-izrael-1st","8":"product_cat-magyarorszag-1st","9":"product_tag-1st-auction-hu","10":"product_tag-levante","11":"product_tag-marcofilatelia","12":"product_tag-postatortenet","13":"product_tag-szallitolevel","14":"pa_catalog_id-184","16":"first","17":"instock","18":"sold-individually","19":"shipping-taxable","20":"product-type-simple"},"_links":{"self":[{"href":"https:\/\/stampcurio.com\/hu\/wp-json\/wp\/v2\/product\/1872","targetHints":{"allow":["GET"]}}],"collection":[{"href":"https:\/\/stampcurio.com\/hu\/wp-json\/wp\/v2\/product"}],"about":[{"href":"https:\/\/stampcurio.com\/hu\/wp-json\/wp\/v2\/types\/product"}],"wp:featuredmedia":[{"embeddable":true,"href":"https:\/\/stampcurio.com\/hu\/wp-json\/wp\/v2\/media\/11028"}],"wp:attachment":[{"href":"https:\/\/stampcurio.com\/hu\/wp-json\/wp\/v2\/media?parent=1872"}],"wp:term":[{"taxonomy":"product_brand","embeddable":true,"href":"https:\/\/stampcurio.com\/hu\/wp-json\/wp\/v2\/product_brand?post=1872"},{"taxonomy":"product_cat","embeddable":true,"href":"https:\/\/stampcurio.com\/hu\/wp-json\/wp\/v2\/product_cat?post=1872"},{"taxonomy":"product_tag","embeddable":true,"href":"https:\/\/stampcurio.com\/hu\/wp-json\/wp\/v2\/product_tag?post=1872"}],"curies":[{"name":"wp","href":"https:\/\/api.w.org\/{rel}","templated":true}]}}