{"id":1858,"date":"2023-11-10T11:15:45","date_gmt":"2023-11-10T10:15:45","guid":{"rendered":"http:\/\/stampcurio.com\/?post_type=product&#038;p=1858"},"modified":"2025-12-05T04:13:40","modified_gmt":"2025-12-05T03:13:40","slug":"1870-boritek-az-egyesult-kiralysagbol-peruba-kuldve-ritka-desztinacio","status":"publish","type":"product","link":"https:\/\/stampcurio.com\/hu\/termek\/1870-boritek-az-egyesult-kiralysagbol-peruba-kuldve-ritka-desztinacio\/","title":{"rendered":"1870 bor\u00edt\u00e9k az Egyes\u00fclt Kir\u00e1lys\u00e1gb\u00f3l Peruba k\u00fcldve &#8211; ritka desztin\u00e1ci\u00f3"},"content":{"rendered":"","protected":false},"excerpt":{"rendered":"","protected":false},"featured_media":11021,"template":"","meta":[],"product_brand":[],"product_cat":[180,181],"product_tag":[1044,176,89],"class_list":{"0":"post-1858","1":"product","2":"type-product","3":"status-publish","4":"has-post-thumbnail","6":"product_cat-egyesult-kiralysag-1st","7":"product_cat-peru-1st","8":"product_tag-1st-auction-hu","9":"product_tag-philagem","10":"product_tag-postatortenet","11":"pa_catalog_id-179","13":"first","14":"instock","15":"sold-individually","16":"shipping-taxable","17":"product-type-simple"},"_links":{"self":[{"href":"https:\/\/stampcurio.com\/hu\/wp-json\/wp\/v2\/product\/1858","targetHints":{"allow":["GET"]}}],"collection":[{"href":"https:\/\/stampcurio.com\/hu\/wp-json\/wp\/v2\/product"}],"about":[{"href":"https:\/\/stampcurio.com\/hu\/wp-json\/wp\/v2\/types\/product"}],"wp:featuredmedia":[{"embeddable":true,"href":"https:\/\/stampcurio.com\/hu\/wp-json\/wp\/v2\/media\/11021"}],"wp:attachment":[{"href":"https:\/\/stampcurio.com\/hu\/wp-json\/wp\/v2\/media?parent=1858"}],"wp:term":[{"taxonomy":"product_brand","embeddable":true,"href":"https:\/\/stampcurio.com\/hu\/wp-json\/wp\/v2\/product_brand?post=1858"},{"taxonomy":"product_cat","embeddable":true,"href":"https:\/\/stampcurio.com\/hu\/wp-json\/wp\/v2\/product_cat?post=1858"},{"taxonomy":"product_tag","embeddable":true,"href":"https:\/\/stampcurio.com\/hu\/wp-json\/wp\/v2\/product_tag?post=1858"}],"curies":[{"name":"wp","href":"https:\/\/api.w.org\/{rel}","templated":true}]}}