{"id":1854,"date":"2023-11-09T23:39:47","date_gmt":"2023-11-09T22:39:47","guid":{"rendered":"http:\/\/stampcurio.com\/?post_type=product&#038;p=1854"},"modified":"2025-12-05T04:13:41","modified_gmt":"2025-12-05T03:13:41","slug":"1911-erdelyi-hotelposta-magura-ii-2f-dijjegyes-levelezesi-lapon-lila-reketo-postaugynoksegi-belyegzessel","status":"publish","type":"product","link":"https:\/\/stampcurio.com\/hu\/termek\/1911-erdelyi-hotelposta-magura-ii-2f-dijjegyes-levelezesi-lapon-lila-reketo-postaugynoksegi-belyegzessel\/","title":{"rendered":"1911 Erd\u00e9lyi hotelposta &#8211; MAGURA II. 2f d\u00edjjegyes levelez\u00e9si lapon lila REKET\u00d3 posta\u00fcgyn\u00f6ks\u00e9gi b\u00e9lyegz\u00e9ssel"},"content":{"rendered":"","protected":false},"excerpt":{"rendered":"<p>Az ismert Horv\u00e1th levelez\u00e9sb\u0151l, sajnos a c\u00edmzett neve kikaparva.<br \/>\nB\u00e9lyegz\u00e9s &#8211; MPPFB: 500 pont<\/p>\n","protected":false},"featured_media":11011,"template":"","meta":[],"product_brand":[],"product_cat":[73,105],"product_tag":[1044,74,175,176,89],"class_list":{"0":"post-1854","1":"product","2":"type-product","3":"status-publish","4":"has-post-thumbnail","6":"product_cat-magyarorszag-1st","7":"product_cat-romania-1st","8":"product_tag-1st-auction-hu","9":"product_tag-dijjegyes","10":"product_tag-hotelposta","11":"product_tag-philagem","12":"product_tag-postatortenet","13":"pa_catalog_id-174","15":"first","16":"instock","17":"sold-individually","18":"shipping-taxable","19":"product-type-simple"},"_links":{"self":[{"href":"https:\/\/stampcurio.com\/hu\/wp-json\/wp\/v2\/product\/1854","targetHints":{"allow":["GET"]}}],"collection":[{"href":"https:\/\/stampcurio.com\/hu\/wp-json\/wp\/v2\/product"}],"about":[{"href":"https:\/\/stampcurio.com\/hu\/wp-json\/wp\/v2\/types\/product"}],"wp:featuredmedia":[{"embeddable":true,"href":"https:\/\/stampcurio.com\/hu\/wp-json\/wp\/v2\/media\/11011"}],"wp:attachment":[{"href":"https:\/\/stampcurio.com\/hu\/wp-json\/wp\/v2\/media?parent=1854"}],"wp:term":[{"taxonomy":"product_brand","embeddable":true,"href":"https:\/\/stampcurio.com\/hu\/wp-json\/wp\/v2\/product_brand?post=1854"},{"taxonomy":"product_cat","embeddable":true,"href":"https:\/\/stampcurio.com\/hu\/wp-json\/wp\/v2\/product_cat?post=1854"},{"taxonomy":"product_tag","embeddable":true,"href":"https:\/\/stampcurio.com\/hu\/wp-json\/wp\/v2\/product_tag?post=1854"}],"curies":[{"name":"wp","href":"https:\/\/api.w.org\/{rel}","templated":true}]}}