{"id":1843,"date":"2023-11-09T23:20:56","date_gmt":"2023-11-09T22:20:56","guid":{"rendered":"http:\/\/stampcurio.com\/?post_type=product&#038;p=1843"},"modified":"2025-12-05T04:13:41","modified_gmt":"2025-12-05T03:13:41","slug":"1931-zeppelin-levelezesi-lap-magyarorszagi-repules-nemet-magyar-alvegyes-bermentesites-fedelzeti-feladas","status":"publish","type":"product","link":"https:\/\/stampcurio.com\/hu\/termek\/1931-zeppelin-levelezesi-lap-magyarorszagi-repules-nemet-magyar-alvegyes-bermentesites-fedelzeti-feladas\/","title":{"rendered":"1931 Zeppelin levelez\u00e9si lap MAGYARORSZ\u00c1GI REP\u00dcL\u00c9S \/ n\u00e9met &#8211; magyar \u00e1lvegyes b\u00e9rmentes\u00edt\u00e9s + fed\u00e9lzeti felad\u00e1s!"},"content":{"rendered":"","protected":false},"excerpt":{"rendered":"<p>A b\u00e9lyeg a fed\u00e9lzeti lil\u00e1sfekete gumib\u00e9lyegz\u0151vel le\u00fctve.<br \/>\nKESZY-HARMATH: 2500 pont<\/p>\n","protected":false},"featured_media":11008,"template":"","meta":[],"product_brand":[],"product_cat":[73,113],"product_tag":[1044,115,67,89,172,150],"class_list":{"0":"post-1843","1":"product","2":"type-product","3":"status-publish","4":"has-post-thumbnail","6":"product_cat-magyarorszag-1st","7":"product_cat-nemetorszag-1st","8":"product_tag-1st-auction-hu","9":"product_tag-legiposta","10":"product_tag-marcofilatelia","11":"product_tag-postatortenet","12":"product_tag-vegyes-bermentesites","13":"product_tag-zeppelin","14":"pa_catalog_id-171","16":"first","17":"instock","18":"sold-individually","19":"shipping-taxable","20":"product-type-simple"},"_links":{"self":[{"href":"https:\/\/stampcurio.com\/hu\/wp-json\/wp\/v2\/product\/1843","targetHints":{"allow":["GET"]}}],"collection":[{"href":"https:\/\/stampcurio.com\/hu\/wp-json\/wp\/v2\/product"}],"about":[{"href":"https:\/\/stampcurio.com\/hu\/wp-json\/wp\/v2\/types\/product"}],"wp:featuredmedia":[{"embeddable":true,"href":"https:\/\/stampcurio.com\/hu\/wp-json\/wp\/v2\/media\/11008"}],"wp:attachment":[{"href":"https:\/\/stampcurio.com\/hu\/wp-json\/wp\/v2\/media?parent=1843"}],"wp:term":[{"taxonomy":"product_brand","embeddable":true,"href":"https:\/\/stampcurio.com\/hu\/wp-json\/wp\/v2\/product_brand?post=1843"},{"taxonomy":"product_cat","embeddable":true,"href":"https:\/\/stampcurio.com\/hu\/wp-json\/wp\/v2\/product_cat?post=1843"},{"taxonomy":"product_tag","embeddable":true,"href":"https:\/\/stampcurio.com\/hu\/wp-json\/wp\/v2\/product_tag?post=1843"}],"curies":[{"name":"wp","href":"https:\/\/api.w.org\/{rel}","templated":true}]}}