{"id":1840,"date":"2023-11-09T23:07:33","date_gmt":"2023-11-09T22:07:33","guid":{"rendered":"http:\/\/stampcurio.com\/?post_type=product&#038;p=1840"},"modified":"2025-12-05T04:13:42","modified_gmt":"2025-12-05T03:13:42","slug":"1931-zeppelin-legiposta-kepeslap-eszaki-sarki-ut-a-ritka-malyguin-dekorativ-szep-darab","status":"publish","type":"product","link":"https:\/\/stampcurio.com\/hu\/termek\/1931-zeppelin-legiposta-kepeslap-eszaki-sarki-ut-a-ritka-malyguin-dekorativ-szep-darab\/","title":{"rendered":"1931 Zeppelin l\u00e9giposta k\u00e9peslap \u00c9SZAKI SARKI \u00daT \/ a ritka \u201eMalyguin\u201d &#8211; dekorat\u00edv sz\u00e9p darab"},"content":{"rendered":"","protected":false},"excerpt":{"rendered":"<p>A Leningr\u00e1din\u00e1l sokkkal ritk\u00e1bb Malyguin j\u00e9gt\u00f6r\u0151ig tart\u00f3 rep\u00fcl\u00e9s.<br \/>\nKESZY-HARMATH: 23.000 pont<\/p>\n","protected":false},"featured_media":11004,"template":"","meta":[],"product_brand":[],"product_cat":[169,73,113,124],"product_tag":[1044,1008,115,67,176,89,150],"class_list":{"0":"post-1840","1":"product","2":"type-product","3":"status-publish","4":"has-post-thumbnail","6":"product_cat-eszaki-sark-1st","7":"product_cat-magyarorszag-1st","8":"product_cat-nemetorszag-1st","9":"product_cat-oroszorszag-1st","10":"product_tag-1st-auction-hu","11":"product_tag-ebay","12":"product_tag-legiposta","13":"product_tag-marcofilatelia","14":"product_tag-philagem","15":"product_tag-postatortenet","16":"product_tag-zeppelin","17":"pa_catalog_id-168","19":"first","20":"instock","21":"sold-individually","22":"shipping-taxable","23":"product-type-simple"},"_links":{"self":[{"href":"https:\/\/stampcurio.com\/hu\/wp-json\/wp\/v2\/product\/1840","targetHints":{"allow":["GET"]}}],"collection":[{"href":"https:\/\/stampcurio.com\/hu\/wp-json\/wp\/v2\/product"}],"about":[{"href":"https:\/\/stampcurio.com\/hu\/wp-json\/wp\/v2\/types\/product"}],"wp:featuredmedia":[{"embeddable":true,"href":"https:\/\/stampcurio.com\/hu\/wp-json\/wp\/v2\/media\/11004"}],"wp:attachment":[{"href":"https:\/\/stampcurio.com\/hu\/wp-json\/wp\/v2\/media?parent=1840"}],"wp:term":[{"taxonomy":"product_brand","embeddable":true,"href":"https:\/\/stampcurio.com\/hu\/wp-json\/wp\/v2\/product_brand?post=1840"},{"taxonomy":"product_cat","embeddable":true,"href":"https:\/\/stampcurio.com\/hu\/wp-json\/wp\/v2\/product_cat?post=1840"},{"taxonomy":"product_tag","embeddable":true,"href":"https:\/\/stampcurio.com\/hu\/wp-json\/wp\/v2\/product_tag?post=1840"}],"curies":[{"name":"wp","href":"https:\/\/api.w.org\/{rel}","templated":true}]}}