{"id":1838,"date":"2023-11-09T22:59:36","date_gmt":"2023-11-09T21:59:36","guid":{"rendered":"http:\/\/stampcurio.com\/?post_type=product&#038;p=1838"},"modified":"2025-12-05T04:13:42","modified_gmt":"2025-12-05T03:13:42","slug":"1931-zeppelin-legiposta-boritek-izlandi-repules-dekorativ-szep-darab","status":"publish","type":"product","link":"https:\/\/stampcurio.com\/hu\/termek\/1931-zeppelin-legiposta-boritek-izlandi-repules-dekorativ-szep-darab\/","title":{"rendered":"1931 Zeppelin l\u00e9giposta bor\u00edt\u00e9k IZLANDI REP\u00dcL\u00c9S dekorat\u00edv sz\u00e9p darab"},"content":{"rendered":"","protected":false},"excerpt":{"rendered":"<p>KESZY-HARMATH: 5.000 pont<\/p>\n","protected":false},"featured_media":10886,"template":"","meta":[],"product_brand":[],"product_cat":[166,73,113],"product_tag":[1044,115,67,89,150],"class_list":{"0":"post-1838","1":"product","2":"type-product","3":"status-publish","4":"has-post-thumbnail","6":"product_cat-izland-1st","7":"product_cat-magyarorszag-1st","8":"product_cat-nemetorszag-1st","9":"product_tag-1st-auction-hu","10":"product_tag-legiposta","11":"product_tag-marcofilatelia","12":"product_tag-postatortenet","13":"product_tag-zeppelin","14":"pa_catalog_id-165","16":"first","17":"instock","18":"sold-individually","19":"shipping-taxable","20":"product-type-simple"},"_links":{"self":[{"href":"https:\/\/stampcurio.com\/hu\/wp-json\/wp\/v2\/product\/1838","targetHints":{"allow":["GET"]}}],"collection":[{"href":"https:\/\/stampcurio.com\/hu\/wp-json\/wp\/v2\/product"}],"about":[{"href":"https:\/\/stampcurio.com\/hu\/wp-json\/wp\/v2\/types\/product"}],"wp:featuredmedia":[{"embeddable":true,"href":"https:\/\/stampcurio.com\/hu\/wp-json\/wp\/v2\/media\/10886"}],"wp:attachment":[{"href":"https:\/\/stampcurio.com\/hu\/wp-json\/wp\/v2\/media?parent=1838"}],"wp:term":[{"taxonomy":"product_brand","embeddable":true,"href":"https:\/\/stampcurio.com\/hu\/wp-json\/wp\/v2\/product_brand?post=1838"},{"taxonomy":"product_cat","embeddable":true,"href":"https:\/\/stampcurio.com\/hu\/wp-json\/wp\/v2\/product_cat?post=1838"},{"taxonomy":"product_tag","embeddable":true,"href":"https:\/\/stampcurio.com\/hu\/wp-json\/wp\/v2\/product_tag?post=1838"}],"curies":[{"name":"wp","href":"https:\/\/api.w.org\/{rel}","templated":true}]}}