{"id":1835,"date":"2023-11-09T22:53:15","date_gmt":"2023-11-09T21:53:15","guid":{"rendered":"http:\/\/stampcurio.com\/?post_type=product&#038;p=1835"},"modified":"2025-12-05T04:13:42","modified_gmt":"2025-12-05T03:13:42","slug":"1898-ausztria-5kr-dijjegyes-levelezesi-lap-uj-del-wales-be-ausztraliaba-kuldve","status":"publish","type":"product","link":"https:\/\/stampcurio.com\/hu\/termek\/1898-ausztria-5kr-dijjegyes-levelezesi-lap-uj-del-wales-be-ausztraliaba-kuldve\/","title":{"rendered":"1898 Ausztria 5kr d\u00edjjegyes levelez\u00e9si lap \u00daj-D\u00e9l-Wales-be \/ Ausztr\u00e1li\u00e1ba k\u00fcldve"},"content":{"rendered":"","protected":false},"excerpt":{"rendered":"<p>\u00c9rkez\u00e9si b\u00e9lyegz\u0151 a h\u00e1toldalon.<\/p>\n","protected":false},"featured_media":10872,"template":"","meta":[],"product_brand":[],"product_cat":[162,60],"product_tag":[1044,74,89],"class_list":{"0":"post-1835","1":"product","2":"type-product","3":"status-publish","4":"has-post-thumbnail","6":"product_cat-ausztralia-1st","7":"product_cat-ausztria-1st","8":"product_tag-1st-auction-hu","9":"product_tag-dijjegyes","10":"product_tag-postatortenet","11":"pa_catalog_id-163","13":"first","14":"instock","15":"sold-individually","16":"shipping-taxable","17":"product-type-simple"},"_links":{"self":[{"href":"https:\/\/stampcurio.com\/hu\/wp-json\/wp\/v2\/product\/1835","targetHints":{"allow":["GET"]}}],"collection":[{"href":"https:\/\/stampcurio.com\/hu\/wp-json\/wp\/v2\/product"}],"about":[{"href":"https:\/\/stampcurio.com\/hu\/wp-json\/wp\/v2\/types\/product"}],"wp:featuredmedia":[{"embeddable":true,"href":"https:\/\/stampcurio.com\/hu\/wp-json\/wp\/v2\/media\/10872"}],"wp:attachment":[{"href":"https:\/\/stampcurio.com\/hu\/wp-json\/wp\/v2\/media?parent=1835"}],"wp:term":[{"taxonomy":"product_brand","embeddable":true,"href":"https:\/\/stampcurio.com\/hu\/wp-json\/wp\/v2\/product_brand?post=1835"},{"taxonomy":"product_cat","embeddable":true,"href":"https:\/\/stampcurio.com\/hu\/wp-json\/wp\/v2\/product_cat?post=1835"},{"taxonomy":"product_tag","embeddable":true,"href":"https:\/\/stampcurio.com\/hu\/wp-json\/wp\/v2\/product_tag?post=1835"}],"curies":[{"name":"wp","href":"https:\/\/api.w.org\/{rel}","templated":true}]}}