{"id":1829,"date":"2023-11-09T22:46:15","date_gmt":"2023-11-09T21:46:15","guid":{"rendered":"http:\/\/stampcurio.com\/?post_type=product&#038;p=1829"},"modified":"2025-12-05T04:13:43","modified_gmt":"2025-12-05T03:13:43","slug":"1896-milleniumi-dijjegyes-torok-es-tarsa-reklam-horvat-felulnyomas-a2-tipus-marta","status":"publish","type":"product","link":"https:\/\/stampcurio.com\/hu\/termek\/1896-milleniumi-dijjegyes-torok-es-tarsa-reklam-horvat-felulnyomas-a2-tipus-marta\/","title":{"rendered":"1896. Milleniumi d\u00edjjegyes T\u00d6R\u00d6K \u00e9s T\u00c1RSA rekl\u00e1m horv\u00e1t (!) fel\u00fclnyom\u00e1s A2 t\u00edpus \/ M\u00e1rta"},"content":{"rendered":"","protected":false},"excerpt":{"rendered":"<p><strong>Horv\u00e1t fel\u00fclnyom\u00e1s eddig nem volt ismert.<\/strong><br \/>\n1907-ben felhaszn\u00e1lva levelez\u0151lapk\u00e9nt turul b\u00e9lyeggel. Haszn\u00e1ltan ritk\u00e1bb.<br \/>\n2kr d\u00edjjegyes lap Plitvicei-tavak.<br \/>\nHodobay nem ismeri.<\/p>\n","protected":false},"featured_media":10881,"template":"","meta":[],"product_brand":[],"product_cat":[78,73],"product_tag":[1044,74,176,89,75],"class_list":{"0":"post-1829","1":"product","2":"type-product","3":"status-publish","4":"has-post-thumbnail","6":"product_cat-horvatorszag-1st","7":"product_cat-magyarorszag-1st","8":"product_tag-1st-auction-hu","9":"product_tag-dijjegyes","10":"product_tag-philagem","11":"product_tag-postatortenet","12":"product_tag-reklam","13":"pa_catalog_id-161","15":"first","16":"instock","17":"sold-individually","18":"shipping-taxable","19":"product-type-simple"},"_links":{"self":[{"href":"https:\/\/stampcurio.com\/hu\/wp-json\/wp\/v2\/product\/1829","targetHints":{"allow":["GET"]}}],"collection":[{"href":"https:\/\/stampcurio.com\/hu\/wp-json\/wp\/v2\/product"}],"about":[{"href":"https:\/\/stampcurio.com\/hu\/wp-json\/wp\/v2\/types\/product"}],"wp:featuredmedia":[{"embeddable":true,"href":"https:\/\/stampcurio.com\/hu\/wp-json\/wp\/v2\/media\/10881"}],"wp:attachment":[{"href":"https:\/\/stampcurio.com\/hu\/wp-json\/wp\/v2\/media?parent=1829"}],"wp:term":[{"taxonomy":"product_brand","embeddable":true,"href":"https:\/\/stampcurio.com\/hu\/wp-json\/wp\/v2\/product_brand?post=1829"},{"taxonomy":"product_cat","embeddable":true,"href":"https:\/\/stampcurio.com\/hu\/wp-json\/wp\/v2\/product_cat?post=1829"},{"taxonomy":"product_tag","embeddable":true,"href":"https:\/\/stampcurio.com\/hu\/wp-json\/wp\/v2\/product_tag?post=1829"}],"curies":[{"name":"wp","href":"https:\/\/api.w.org\/{rel}","templated":true}]}}