{"id":1826,"date":"2023-11-09T22:24:19","date_gmt":"2023-11-09T21:24:19","guid":{"rendered":"http:\/\/stampcurio.com\/?post_type=product&#038;p=1826"},"modified":"2025-12-05T04:13:43","modified_gmt":"2025-12-05T03:13:43","slug":"1917-hollandiabol-a-magyar-orszaghaz-konyvtaraba-kuldott-cenzurazott-csomag-szallitolevele","status":"publish","type":"product","link":"https:\/\/stampcurio.com\/hu\/termek\/1917-hollandiabol-a-magyar-orszaghaz-konyvtaraba-kuldott-cenzurazott-csomag-szallitolevele\/","title":{"rendered":"1917 Hollandi\u00e1b\u00f3l a magyar Orsz\u00e1gh\u00e1z k\u00f6nyvt\u00e1r\u00e1ba k\u00fcld\u00f6tt cenz\u00far\u00e1zott csomag sz\u00e1ll\u00edt\u00f3levele"},"content":{"rendered":"","protected":false},"excerpt":{"rendered":"<p>K\u00e9pvisel\u0151h\u00e1zi k\u00f6nyvt\u00e1r b\u00e9lyegz\u00e9ssel.<\/p>\n","protected":false},"featured_media":1802,"template":"","meta":[],"product_brand":[],"product_cat":[156,73],"product_tag":[1044,233,67,467,89,157],"class_list":{"0":"post-1826","1":"product","2":"type-product","3":"status-publish","4":"has-post-thumbnail","6":"product_cat-hollandia-1st","7":"product_cat-magyarorszag-1st","8":"product_tag-1st-auction-hu","9":"product_tag-cenzura","10":"product_tag-marcofilatelia","11":"product_tag-orszaghaz","12":"product_tag-postatortenet","13":"product_tag-szallitolevel","14":"pa_catalog_id-160","16":"first","17":"instock","18":"sold-individually","19":"shipping-taxable","20":"product-type-simple"},"_links":{"self":[{"href":"https:\/\/stampcurio.com\/hu\/wp-json\/wp\/v2\/product\/1826","targetHints":{"allow":["GET"]}}],"collection":[{"href":"https:\/\/stampcurio.com\/hu\/wp-json\/wp\/v2\/product"}],"about":[{"href":"https:\/\/stampcurio.com\/hu\/wp-json\/wp\/v2\/types\/product"}],"wp:featuredmedia":[{"embeddable":true,"href":"https:\/\/stampcurio.com\/hu\/wp-json\/wp\/v2\/media\/1802"}],"wp:attachment":[{"href":"https:\/\/stampcurio.com\/hu\/wp-json\/wp\/v2\/media?parent=1826"}],"wp:term":[{"taxonomy":"product_brand","embeddable":true,"href":"https:\/\/stampcurio.com\/hu\/wp-json\/wp\/v2\/product_brand?post=1826"},{"taxonomy":"product_cat","embeddable":true,"href":"https:\/\/stampcurio.com\/hu\/wp-json\/wp\/v2\/product_cat?post=1826"},{"taxonomy":"product_tag","embeddable":true,"href":"https:\/\/stampcurio.com\/hu\/wp-json\/wp\/v2\/product_tag?post=1826"}],"curies":[{"name":"wp","href":"https:\/\/api.w.org\/{rel}","templated":true}]}}