{"id":18242,"date":"2024-12-05T00:17:10","date_gmt":"2024-12-04T23:17:10","guid":{"rendered":"https:\/\/stampcurio.com\/product\/sc-24-3508\/"},"modified":"2025-12-05T04:05:26","modified_gmt":"2025-12-05T03:05:26","slug":"1913-oroszorszag-harom-kepeslap-lengyel-es-finn-teruletekrol-kratochwill-fele-vilag-koruli-utazas","status":"publish","type":"product","link":"https:\/\/stampcurio.com\/hu\/termek\/1913-oroszorszag-harom-kepeslap-lengyel-es-finn-teruletekrol-kratochwill-fele-vilag-koruli-utazas\/","title":{"rendered":"1913 Oroszorsz\u00e1g &#8211; h\u00e1rom k\u00e9peslap lengyel \u00e9s finn ter\u00fcletekr\u0151l &#8211; Kratochwill f\u00e9le vil\u00e1g k\u00f6r\u00fcli utaz\u00e1s"},"content":{"rendered":"","protected":false},"excerpt":{"rendered":"","protected":false},"featured_media":18240,"template":"","meta":[],"product_brand":[],"product_cat":[1219,1190,1172,1177],"product_tag":[1664,97,1627,1041,89],"class_list":{"0":"post-18242","1":"product","2":"type-product","3":"status-publish","4":"has-post-thumbnail","6":"product_cat-finnorszag","7":"product_cat-lengyelorszag","8":"product_cat-magyarorszag","9":"product_cat-oroszorszag","10":"product_tag-2nd-auction-hu","11":"product_tag-kepeslap","12":"product_tag-kratochwill","13":"product_tag-marcophily-hu","14":"product_tag-postatortenet","16":"first","17":"outofstock","18":"sold-individually","19":"shipping-taxable","20":"product-type-simple"},"_links":{"self":[{"href":"https:\/\/stampcurio.com\/hu\/wp-json\/wp\/v2\/product\/18242","targetHints":{"allow":["GET"]}}],"collection":[{"href":"https:\/\/stampcurio.com\/hu\/wp-json\/wp\/v2\/product"}],"about":[{"href":"https:\/\/stampcurio.com\/hu\/wp-json\/wp\/v2\/types\/product"}],"wp:featuredmedia":[{"embeddable":true,"href":"https:\/\/stampcurio.com\/hu\/wp-json\/wp\/v2\/media\/18240"}],"wp:attachment":[{"href":"https:\/\/stampcurio.com\/hu\/wp-json\/wp\/v2\/media?parent=18242"}],"wp:term":[{"taxonomy":"product_brand","embeddable":true,"href":"https:\/\/stampcurio.com\/hu\/wp-json\/wp\/v2\/product_brand?post=18242"},{"taxonomy":"product_cat","embeddable":true,"href":"https:\/\/stampcurio.com\/hu\/wp-json\/wp\/v2\/product_cat?post=18242"},{"taxonomy":"product_tag","embeddable":true,"href":"https:\/\/stampcurio.com\/hu\/wp-json\/wp\/v2\/product_tag?post=18242"}],"curies":[{"name":"wp","href":"https:\/\/api.w.org\/{rel}","templated":true}]}}