{"id":1824,"date":"2023-11-09T22:15:55","date_gmt":"2023-11-09T21:15:55","guid":{"rendered":"http:\/\/stampcurio.com\/?post_type=product&#038;p=1824"},"modified":"2025-12-05T04:13:44","modified_gmt":"2025-12-05T03:13:44","slug":"1944-oktober-28-kokan-feladott-erdelybe-kuldott-dijjegyes-levelezesi-lap-forgalom-szunetel-vissza-a-feladonak-belyegzovel","status":"publish","type":"product","link":"https:\/\/stampcurio.com\/hu\/termek\/1944-oktober-28-kokan-feladott-erdelybe-kuldott-dijjegyes-levelezesi-lap-forgalom-szunetel-vissza-a-feladonak-belyegzovel\/","title":{"rendered":"1944 okt\u00f3ber 28. K\u00f3k\u00e1n feladott Erd\u00e9lybe k\u00fcld\u00f6tt d\u00edjjegyes levelez\u00e9si lap FORGALOM SZ\u00dcNETEL VISSZA A FELAD\u00d3NAK b\u00e9lyegz\u0151vel"},"content":{"rendered":"","protected":false},"excerpt":{"rendered":"","protected":false},"featured_media":10992,"template":"","meta":[],"product_brand":[],"product_cat":[73],"product_tag":[1044,74,67,89],"class_list":{"0":"post-1824","1":"product","2":"type-product","3":"status-publish","4":"has-post-thumbnail","6":"product_cat-magyarorszag-1st","7":"product_tag-1st-auction-hu","8":"product_tag-dijjegyes","9":"product_tag-marcofilatelia","10":"product_tag-postatortenet","11":"pa_catalog_id-153","13":"first","14":"instock","15":"sold-individually","16":"shipping-taxable","17":"product-type-simple"},"_links":{"self":[{"href":"https:\/\/stampcurio.com\/hu\/wp-json\/wp\/v2\/product\/1824","targetHints":{"allow":["GET"]}}],"collection":[{"href":"https:\/\/stampcurio.com\/hu\/wp-json\/wp\/v2\/product"}],"about":[{"href":"https:\/\/stampcurio.com\/hu\/wp-json\/wp\/v2\/types\/product"}],"wp:featuredmedia":[{"embeddable":true,"href":"https:\/\/stampcurio.com\/hu\/wp-json\/wp\/v2\/media\/10992"}],"wp:attachment":[{"href":"https:\/\/stampcurio.com\/hu\/wp-json\/wp\/v2\/media?parent=1824"}],"wp:term":[{"taxonomy":"product_brand","embeddable":true,"href":"https:\/\/stampcurio.com\/hu\/wp-json\/wp\/v2\/product_brand?post=1824"},{"taxonomy":"product_cat","embeddable":true,"href":"https:\/\/stampcurio.com\/hu\/wp-json\/wp\/v2\/product_cat?post=1824"},{"taxonomy":"product_tag","embeddable":true,"href":"https:\/\/stampcurio.com\/hu\/wp-json\/wp\/v2\/product_tag?post=1824"}],"curies":[{"name":"wp","href":"https:\/\/api.w.org\/{rel}","templated":true}]}}